{"id":33,"date":"2023-06-15T12:38:05","date_gmt":"2023-06-15T10:38:05","guid":{"rendered":"http:\/\/invesol.cluster027.hosting.ovh.net\/vj15267-ovh\/?page_id=33"},"modified":"2023-11-09T23:05:43","modified_gmt":"2023-11-09T22:05:43","slug":"politica-de-privacidad","status":"publish","type":"page","link":"https:\/\/www.invesoil.com\/es\/politica-de-privacidad\/","title":{"rendered":"Pol\u00edtica de privacidad"},"content":{"rendered":"\t\t<div data-elementor-type=\"wp-page\" data-elementor-id=\"33\" class=\"elementor elementor-33\" data-elementor-post-type=\"page\">\n\t\t\t\t\t\t<section class=\"elementor-section elementor-top-section elementor-element elementor-element-e1ef8ea elementor-section-boxed elementor-section-height-default elementor-section-height-default\" data-id=\"e1ef8ea\" data-element_type=\"section\">\n\t\t\t\t\t\t<div class=\"elementor-container elementor-column-gap-default\">\n\t\t\t\t\t<div class=\"elementor-column elementor-col-100 elementor-top-column elementor-element elementor-element-d607470\" data-id=\"d607470\" data-element_type=\"column\">\n\t\t\t<div class=\"elementor-widget-wrap elementor-element-populated\">\n\t\t\t\t\t\t<div class=\"elementor-element elementor-element-604caaa elementor-widget elementor-widget-heading\" data-id=\"604caaa\" data-element_type=\"widget\" data-widget_type=\"heading.default\">\n\t\t\t\t<div class=\"elementor-widget-container\">\n\t\t\t\t\t<h1 class=\"elementor-heading-title elementor-size-default\">Pol\u00edtica de privacidad<\/h1>\t\t\t\t<\/div>\n\t\t\t\t<\/div>\n\t\t\t\t\t<\/div>\n\t\t<\/div>\n\t\t\t\t\t<\/div>\n\t\t<\/section>\n\t\t\t\t<section class=\"elementor-section elementor-top-section elementor-element elementor-element-bb5ede8 elementor-section-boxed elementor-section-height-default elementor-section-height-default\" data-id=\"bb5ede8\" data-element_type=\"section\">\n\t\t\t\t\t\t<div class=\"elementor-container elementor-column-gap-default\">\n\t\t\t\t\t<div class=\"elementor-column elementor-col-100 elementor-top-column elementor-element elementor-element-6d2e3c2\" data-id=\"6d2e3c2\" data-element_type=\"column\">\n\t\t\t<div class=\"elementor-widget-wrap elementor-element-populated\">\n\t\t\t\t\t\t<div class=\"elementor-element elementor-element-3191155 elementor-widget elementor-widget-text-editor\" data-id=\"3191155\" data-element_type=\"widget\" data-widget_type=\"text-editor.default\">\n\t\t\t\t<div class=\"elementor-widget-container\">\n\t\t\t\t\t\t\t\t\t<h4>PROTECCI\u00d3N DE DATOS<\/h4><p>En cumplimiento con la Ley Org\u00e1nica 15\/1999 de 13 de diciembre de Protecci\u00f3n de Datos de Car\u00e1cter Personal y su Reglamento de desarrollo el Real Decreto 1720\/2007, INVESOIL garantiza la confidencialidad de todos los datos personales facilitados.<\/p><p>En cumplimiento con lo establecido en dicha norma, INVESOIL le informa que, toda la informaci\u00f3n suministrada por el Usuario a trav\u00e9s de los formularios habilitados al efecto, as\u00ed como la recibida mediante correo electr\u00f3nico, ser\u00e1 incluida en ficheros automatizados para su tratamiento inform\u00e1tico debidamente inscritos en el R.G.P.D. La finalidad de los ficheros es gestionar las peticiones formuladas y contestar las mismas as\u00ed como informarle de nuestros productos, servicios y actividades propias de nuestro objeto social, pudiendo conservar sus datos una vez finalizada toda la relaci\u00f3n con el Usuario para las finalidades expuestas o cumplimiento de obligaciones legales, pero nunca cederemos sus datos a terceros.<\/p><p>Estos datos son confidenciales y a los mismos solo podr\u00e1n tener acceso las personas debidamente autorizadas. Los derechos de acceso, rectificaci\u00f3n y, en su caso, cancelaci\u00f3n pueden ejercitarse en el mail: invesoil@invesoil.com.<\/p><p>\u00a0<\/p><h4>PROPIEDAD INTELECTUAL Y INDUSTRIAL<\/h4><p>INVESOIL es titular de todos los derechos de propiedad intelectual e industrial de su p\u00e1gina web, as\u00ed como de los elementos contenidos en la misma: im\u00e1genes, sonido, audio, v\u00eddeo, software o textos; marcas o logotipos, combinaciones de colores, estructura y dise\u00f1o, selecci\u00f3n de materiales usados, programas de ordenador necesarios para su funcionamiento, acceso y uso, etc.<\/p><p>En virtud de lo dispuesto en los art\u00edculos 8 y 32.1, p\u00e1rrafo segundo, de la Ley de Propiedad Intelectual, quedan expresamente prohibidas la reproducci\u00f3n, la distribuci\u00f3n y la comunicaci\u00f3n p\u00fablica, incluida su modalidad de puesta a disposici\u00f3n, de la totalidad o parte de los contenidos de esta p\u00e1gina web, con fines comerciales, en cualquier soporte y por cualquier medio t\u00e9cnico, sin la autorizaci\u00f3n de INVESOIL.<\/p><p>El Usuario se compromete a respetar los derechos de Propiedad Intelectual e Industrial titularidad de INVESOIL. Podr\u00e1 visualizar los elementos del portal e incluso imprimirlos, copiarlos y almacenarlos en el disco duro de su ordenador o en cualquier otro soporte f\u00edsico siempre y cuando sea, \u00fanica y exclusivamente, para su uso personal y privado. Cualquier otro uso o explotaci\u00f3n de cualquier derecho estar\u00e1 sujeto a la previa y expresa autorizaci\u00f3n escrita espec\u00edficamente otorgada a tal efecto por INVESOIL. Las solicitudes a estos efectos podr\u00e1n remitirse a INVESOIL CONSULTORES MEDIOAMBIENTALES S.L., C\/ Concepci\u00f3 Arenal, 165 Barcelona 08027.<\/p><p>Para ejercer el derecho de cita, deber\u00e1 seguirse las condiciones siguientes:<\/p><ul><li>No desnaturalizar el sentido de la informaci\u00f3n.<\/li><li>Citar siempre a INVESOIL como fuente de la informaci\u00f3n.<\/li><li>Mencionar la fecha de la \u00faltima actualizaci\u00f3n de la informaci\u00f3n.<\/li><li>Todo uso no autorizado del Sitio Web dar\u00e1 derecho a INVESOIL para ejercitar las acciones que correspondan en virtud de la legislaci\u00f3n aplicable.<\/li><\/ul><p>\u00a0<\/p><h4>EXCLUSI\u00d3N DE GARANT\u00cdAS Y RESPONSABILIDAD<\/h4><p>INVESOIL no se hace responsable, en ning\u00fan caso, de los da\u00f1os y perjuicios de cualquier naturaleza que pudieran ocasionar, a t\u00edtulo enunciativo: errores u omisiones en los contenidos, falta de disponibilidad del portal o la transmisi\u00f3n de virus o programas maliciosos o lesivos en los contenidos, a pesar de haber adoptado todas las medidas tecnol\u00f3gicas necesarias para evitarlo. Los contenidos proporcionados a trav\u00e9s de esta p\u00e1gina web tienen car\u00e1cter meramente informativo, por lo que el uso que de estos pueda hacer el usuario y las eventuales consecuencias, da\u00f1os o perjuicios que pudiesen derivarse, son de la exclusiva responsabilidad del usuario.<\/p><p>INVESOIL se reserva el derecho a emprender las acciones legales que estime oportunas contras las personas que utilicen el Sitio Web de manera distinta a la estipulada o que pudiera da\u00f1ar la imagen de INVESOIL o de terceros y a exigirles una indemnizaci\u00f3n por los da\u00f1os y perjuicios que se deriven de reclamaciones, acciones o demandas de terceros (incluyendo sin limitaci\u00f3n honorarios de abogados) como consecuencia de las acciones anteriores u otras que se pudieran producir.<\/p><p>\u00a0<\/p><h4>MODIFICACIONES<\/h4><p>INVESOIL se reserva el derecho, sin previo aviso al Usuario, de modificar, actualizar o eliminar la informaci\u00f3n y\/o las condiciones de utilizaci\u00f3n de este Sitio Web. Asimismo se reserva el derecho de suspender, interrumpir o dejar de operar este Sitio Web en cualquier momento.<\/p><p>\u00a0<\/p><h4>ENLACES<\/h4><p>En el caso de que en el Sitio Web se dispusiesen enlaces o hiperv\u00ednculos hac\u00eda otros sitios de Internet, INVESOIL no ejercer\u00e1 ning\u00fan tipo de control sobre dichos sitios y contenidos. En ning\u00fan caso INVESOIL asumir\u00e1 responsabilidad alguna por los contenidos de alg\u00fan enlace perteneciente a un sitio web ajeno, ni garantizar\u00e1 la disponibilidad t\u00e9cnica, calidad, fiabilidad, exactitud, amplitud, veracidad, validez y constitucionalidad de cualquier material o informaci\u00f3n contenida en ninguno de dichos hiperv\u00ednculos u otros sitios de Internet. Igualmente la inclusi\u00f3n de estas conexiones externas no implicar\u00e1 ning\u00fan tipo de asociaci\u00f3n, fusi\u00f3n o participaci\u00f3n con las entidades conectadas.<\/p><p>Caso que cualquier empresa o particular deseen establecer enlaces con destino al Sitio Web deber\u00e1n respetar las siguientes estipulaciones. El enlace solamente se podr\u00e1 dirigir a la p\u00e1gina principal del Sitio Web, y abarcar toda la extensi\u00f3n de la pantalla de la p\u00e1gina principal, no pudiendo incluir dicho enlace como parte de otra Web o dentro de uno de sus \u00abframes\u00bb o crear un \u00abbrowser\u00bb sobre cualquier p\u00e1gina del Sitio Web. INVESOIL excluye expresamente que se puedan realizar enlaces desde aquellas p\u00e1ginas Web que contengan materiales, informaci\u00f3n o contenidos il\u00edcitos, ilegales, degradantes, obscenos, y en general, que contravengan la moral, el orden p\u00fablico o las normas sociales generalmente aceptadas.<\/p>\t\t\t\t\t\t\t\t<\/div>\n\t\t\t\t<\/div>\n\t\t\t\t\t<\/div>\n\t\t<\/div>\n\t\t\t\t\t<\/div>\n\t\t<\/section>\n\t\t\t\t<\/div>\n\t\t","protected":false},"excerpt":{"rendered":"<p>Pol\u00edtica de privacidad PROTECCI\u00d3N DE DATOS En cumplimiento con la Ley Org\u00e1nica 15\/1999 de 13 de diciembre de Protecci\u00f3n de Datos de Car\u00e1cter Personal y su Reglamento de desarrollo el Real Decreto 1720\/2007, INVESOIL garantiza la confidencialidad de todos los datos personales facilitados. En cumplimiento con lo establecido en dicha norma, INVESOIL le informa que, [&hellip;]<\/p>\n","protected":false},"author":3,"featured_media":0,"parent":0,"menu_order":0,"comment_status":"closed","ping_status":"closed","template":"elementor_header_footer","meta":{"footnotes":""},"class_list":["post-33","page","type-page","status-publish","hentry"],"yoast_head":"<!-- This site is optimized with the Yoast SEO plugin v26.7 - https:\/\/yoast.com\/wordpress\/plugins\/seo\/ -->\n<title>Pol\u00edtica de privacidad - Invesoil<\/title>\n<meta name=\"robots\" content=\"index, follow, max-snippet:-1, max-image-preview:large, max-video-preview:-1\" \/>\n<link rel=\"canonical\" href=\"https:\/\/www.invesoil.com\/es\/politica-de-privacidad\/\" \/>\n<meta property=\"og:locale\" content=\"es_ES\" \/>\n<meta property=\"og:type\" content=\"article\" \/>\n<meta property=\"og:title\" content=\"Pol\u00edtica de privacidad - Invesoil\" \/>\n<meta property=\"og:description\" content=\"Pol\u00edtica de privacidad PROTECCI\u00d3N DE DATOS En cumplimiento con la Ley Org\u00e1nica 15\/1999 de 13 de diciembre de Protecci\u00f3n de Datos de Car\u00e1cter Personal y su Reglamento de desarrollo el Real Decreto 1720\/2007, INVESOIL garantiza la confidencialidad de todos los datos personales facilitados. En cumplimiento con lo establecido en dicha norma, INVESOIL le informa que, [&hellip;]\" \/>\n<meta property=\"og:url\" content=\"https:\/\/www.invesoil.com\/es\/politica-de-privacidad\/\" \/>\n<meta property=\"og:site_name\" content=\"Invesoil\" \/>\n<meta property=\"article:modified_time\" content=\"2023-11-09T22:05:43+00:00\" \/>\n<meta name=\"twitter:card\" content=\"summary_large_image\" \/>\n<meta name=\"twitter:label1\" content=\"Tiempo de lectura\" \/>\n\t<meta name=\"twitter:data1\" content=\"5 minutos\" \/>\n<script type=\"application\/ld+json\" class=\"yoast-schema-graph\">{\"@context\":\"https:\/\/schema.org\",\"@graph\":[{\"@type\":\"WebPage\",\"@id\":\"https:\/\/www.invesoil.com\/es\/politica-de-privacidad\/\",\"url\":\"https:\/\/www.invesoil.com\/es\/politica-de-privacidad\/\",\"name\":\"Pol\u00edtica de privacidad - Invesoil\",\"isPartOf\":{\"@id\":\"https:\/\/www.invesoil.com\/es\/#website\"},\"datePublished\":\"2023-06-15T10:38:05+00:00\",\"dateModified\":\"2023-11-09T22:05:43+00:00\",\"breadcrumb\":{\"@id\":\"https:\/\/www.invesoil.com\/es\/politica-de-privacidad\/#breadcrumb\"},\"inLanguage\":\"es\",\"potentialAction\":[{\"@type\":\"ReadAction\",\"target\":[\"https:\/\/www.invesoil.com\/es\/politica-de-privacidad\/\"]}]},{\"@type\":\"BreadcrumbList\",\"@id\":\"https:\/\/www.invesoil.com\/es\/politica-de-privacidad\/#breadcrumb\",\"itemListElement\":[{\"@type\":\"ListItem\",\"position\":1,\"name\":\"Portada\",\"item\":\"https:\/\/www.invesoil.com\/es\/\"},{\"@type\":\"ListItem\",\"position\":2,\"name\":\"Pol\u00edtica de privacidad\"}]},{\"@type\":\"WebSite\",\"@id\":\"https:\/\/www.invesoil.com\/es\/#website\",\"url\":\"https:\/\/www.invesoil.com\/es\/\",\"name\":\"Invesol\",\"description\":\"Consultores Medioambientales\",\"publisher\":{\"@id\":\"https:\/\/www.invesoil.com\/es\/#organization\"},\"alternateName\":\"Consultores Medioambientales\",\"potentialAction\":[{\"@type\":\"SearchAction\",\"target\":{\"@type\":\"EntryPoint\",\"urlTemplate\":\"https:\/\/www.invesoil.com\/es\/?s={search_term_string}\"},\"query-input\":{\"@type\":\"PropertyValueSpecification\",\"valueRequired\":true,\"valueName\":\"search_term_string\"}}],\"inLanguage\":\"es\"},{\"@type\":\"Organization\",\"@id\":\"https:\/\/www.invesoil.com\/es\/#organization\",\"name\":\"Invesoil\",\"url\":\"https:\/\/www.invesoil.com\/es\/\",\"logo\":{\"@type\":\"ImageObject\",\"inLanguage\":\"es\",\"@id\":\"https:\/\/www.invesoil.com\/es\/#\/schema\/logo\/image\/\",\"url\":\"https:\/\/www.invesoil.com\/wp-content\/uploads\/2023\/06\/logotipo-invesoil.png\",\"contentUrl\":\"https:\/\/www.invesoil.com\/wp-content\/uploads\/2023\/06\/logotipo-invesoil.png\",\"width\":865,\"height\":307,\"caption\":\"Invesoil\"},\"image\":{\"@id\":\"https:\/\/www.invesoil.com\/es\/#\/schema\/logo\/image\/\"}}]}<\/script>\n<!-- \/ Yoast SEO plugin. -->","yoast_head_json":{"title":"Pol\u00edtica de privacidad - Invesoil","robots":{"index":"index","follow":"follow","max-snippet":"max-snippet:-1","max-image-preview":"max-image-preview:large","max-video-preview":"max-video-preview:-1"},"canonical":"https:\/\/www.invesoil.com\/es\/politica-de-privacidad\/","og_locale":"es_ES","og_type":"article","og_title":"Pol\u00edtica de privacidad - Invesoil","og_description":"Pol\u00edtica de privacidad PROTECCI\u00d3N DE DATOS En cumplimiento con la Ley Org\u00e1nica 15\/1999 de 13 de diciembre de Protecci\u00f3n de Datos de Car\u00e1cter Personal y su Reglamento de desarrollo el Real Decreto 1720\/2007, INVESOIL garantiza la confidencialidad de todos los datos personales facilitados. En cumplimiento con lo establecido en dicha norma, INVESOIL le informa que, [&hellip;]","og_url":"https:\/\/www.invesoil.com\/es\/politica-de-privacidad\/","og_site_name":"Invesoil","article_modified_time":"2023-11-09T22:05:43+00:00","twitter_card":"summary_large_image","twitter_misc":{"Tiempo de lectura":"5 minutos"},"schema":{"@context":"https:\/\/schema.org","@graph":[{"@type":"WebPage","@id":"https:\/\/www.invesoil.com\/es\/politica-de-privacidad\/","url":"https:\/\/www.invesoil.com\/es\/politica-de-privacidad\/","name":"Pol\u00edtica de privacidad - Invesoil","isPartOf":{"@id":"https:\/\/www.invesoil.com\/es\/#website"},"datePublished":"2023-06-15T10:38:05+00:00","dateModified":"2023-11-09T22:05:43+00:00","breadcrumb":{"@id":"https:\/\/www.invesoil.com\/es\/politica-de-privacidad\/#breadcrumb"},"inLanguage":"es","potentialAction":[{"@type":"ReadAction","target":["https:\/\/www.invesoil.com\/es\/politica-de-privacidad\/"]}]},{"@type":"BreadcrumbList","@id":"https:\/\/www.invesoil.com\/es\/politica-de-privacidad\/#breadcrumb","itemListElement":[{"@type":"ListItem","position":1,"name":"Portada","item":"https:\/\/www.invesoil.com\/es\/"},{"@type":"ListItem","position":2,"name":"Pol\u00edtica de privacidad"}]},{"@type":"WebSite","@id":"https:\/\/www.invesoil.com\/es\/#website","url":"https:\/\/www.invesoil.com\/es\/","name":"Invesol","description":"Consultores Medioambientales","publisher":{"@id":"https:\/\/www.invesoil.com\/es\/#organization"},"alternateName":"Consultores Medioambientales","potentialAction":[{"@type":"SearchAction","target":{"@type":"EntryPoint","urlTemplate":"https:\/\/www.invesoil.com\/es\/?s={search_term_string}"},"query-input":{"@type":"PropertyValueSpecification","valueRequired":true,"valueName":"search_term_string"}}],"inLanguage":"es"},{"@type":"Organization","@id":"https:\/\/www.invesoil.com\/es\/#organization","name":"Invesoil","url":"https:\/\/www.invesoil.com\/es\/","logo":{"@type":"ImageObject","inLanguage":"es","@id":"https:\/\/www.invesoil.com\/es\/#\/schema\/logo\/image\/","url":"https:\/\/www.invesoil.com\/wp-content\/uploads\/2023\/06\/logotipo-invesoil.png","contentUrl":"https:\/\/www.invesoil.com\/wp-content\/uploads\/2023\/06\/logotipo-invesoil.png","width":865,"height":307,"caption":"Invesoil"},"image":{"@id":"https:\/\/www.invesoil.com\/es\/#\/schema\/logo\/image\/"}}]}},"_links":{"self":[{"href":"https:\/\/www.invesoil.com\/es\/wp-json\/wp\/v2\/pages\/33","targetHints":{"allow":["GET"]}}],"collection":[{"href":"https:\/\/www.invesoil.com\/es\/wp-json\/wp\/v2\/pages"}],"about":[{"href":"https:\/\/www.invesoil.com\/es\/wp-json\/wp\/v2\/types\/page"}],"author":[{"embeddable":true,"href":"https:\/\/www.invesoil.com\/es\/wp-json\/wp\/v2\/users\/3"}],"replies":[{"embeddable":true,"href":"https:\/\/www.invesoil.com\/es\/wp-json\/wp\/v2\/comments?post=33"}],"version-history":[{"count":12,"href":"https:\/\/www.invesoil.com\/es\/wp-json\/wp\/v2\/pages\/33\/revisions"}],"predecessor-version":[{"id":2158,"href":"https:\/\/www.invesoil.com\/es\/wp-json\/wp\/v2\/pages\/33\/revisions\/2158"}],"wp:attachment":[{"href":"https:\/\/www.invesoil.com\/es\/wp-json\/wp\/v2\/media?parent=33"}],"curies":[{"name":"wp","href":"https:\/\/api.w.org\/{rel}","templated":true}]}}