{"id":31,"date":"2023-06-15T12:37:49","date_gmt":"2023-06-15T10:37:49","guid":{"rendered":"http:\/\/invesol.cluster027.hosting.ovh.net\/vj15267-ovh\/?page_id=31"},"modified":"2024-02-20T09:22:37","modified_gmt":"2024-02-20T08:22:37","slug":"aviso-legal","status":"publish","type":"page","link":"https:\/\/www.invesoil.com\/es\/aviso-legal\/","title":{"rendered":"Aviso legal"},"content":{"rendered":"\t\t<div data-elementor-type=\"wp-page\" data-elementor-id=\"31\" class=\"elementor elementor-31\" data-elementor-post-type=\"page\">\n\t\t\t\t\t\t<section class=\"elementor-section elementor-top-section elementor-element elementor-element-e972e36 elementor-section-boxed elementor-section-height-default elementor-section-height-default\" data-id=\"e972e36\" data-element_type=\"section\">\n\t\t\t\t\t\t<div class=\"elementor-container elementor-column-gap-default\">\n\t\t\t\t\t<div class=\"elementor-column elementor-col-100 elementor-top-column elementor-element elementor-element-0f4f72c\" data-id=\"0f4f72c\" data-element_type=\"column\">\n\t\t\t<div class=\"elementor-widget-wrap elementor-element-populated\">\n\t\t\t\t\t\t<div class=\"elementor-element elementor-element-5af924f elementor-widget elementor-widget-heading\" data-id=\"5af924f\" data-element_type=\"widget\" data-widget_type=\"heading.default\">\n\t\t\t\t<div class=\"elementor-widget-container\">\n\t\t\t\t\t<h1 class=\"elementor-heading-title elementor-size-default\">Aviso legal<\/h1>\t\t\t\t<\/div>\n\t\t\t\t<\/div>\n\t\t\t\t\t<\/div>\n\t\t<\/div>\n\t\t\t\t\t<\/div>\n\t\t<\/section>\n\t\t\t\t<section class=\"elementor-section elementor-top-section elementor-element elementor-element-87ff789 elementor-section-boxed elementor-section-height-default elementor-section-height-default\" data-id=\"87ff789\" data-element_type=\"section\">\n\t\t\t\t\t\t<div class=\"elementor-container elementor-column-gap-default\">\n\t\t\t\t\t<div class=\"elementor-column elementor-col-100 elementor-top-column elementor-element elementor-element-c68c1b6\" data-id=\"c68c1b6\" data-element_type=\"column\">\n\t\t\t<div class=\"elementor-widget-wrap elementor-element-populated\">\n\t\t\t\t\t\t<div class=\"elementor-element elementor-element-3ee4456 elementor-widget elementor-widget-text-editor\" data-id=\"3ee4456\" data-element_type=\"widget\" data-widget_type=\"text-editor.default\">\n\t\t\t\t<div class=\"elementor-widget-container\">\n\t\t\t\t\t\t\t\t\t<h4>DATOS IDENTIFICATIVOS<\/h4><p>En cumplimiento con el deber de informaci\u00f3n recogido en el art\u00edculo 10 de la Ley 34\/2002, de 11 de julio, de Servicios de la Sociedad de la Informaci\u00f3n y del Comercio Electr\u00f3nico, a continuaci\u00f3n se reflejan los siguientes datos: la empresa titular del dominio web es INVESOIL CONSULTORES MEDIOAMBIENTALES, S.L. (en adelante INVESOIL), con domicilio a estos efectos en calle Concepci\u00f3n Arenal n\u00famero 165 en Barcelona de C.I.F.: B-65860264 inscrita en el Registro Mercantil de Barcelona en el tomo 43325, folio 102, Hoja B-425035. Correo electr\u00f3nico de contacto: invesoil@invesoil.com.<\/p><p>\u00a0<\/p><h4>USUARIOS<\/h4><p>Las presentes condiciones, recogidas dentro del Aviso Legal, tienen por objeto regular el uso de este Sitio Web, que la empresa INVESOIL ha puesto a disposici\u00f3n del p\u00fablico, y que por tanto comporta por parte del Usuario la aceptaci\u00f3n de las condiciones generales de uso. En este sentido se recomienda al usuario leer atentamente el contenido presente en el Aviso Legal siempre que desee acceder y hacer uso de la informaci\u00f3n y de los servicios ofrecidos en este sitio web. Las citadas Condiciones ser\u00e1n de aplicaci\u00f3n independientemente de las Condiciones Generales de Contrataci\u00f3n que en su caso resulten de obligado cumplimiento.<\/p><p>\u00a0<\/p><h4>USO DEL PORTAL<\/h4><p>Este Sitio Web proporciona el acceso a multitud de informaciones, servicios, programas o datos (en adelante, Contenidos) en Internet que pertenecen a INVESOIL. El Usuario asume la responsabilidad del uso del portal. El Usuario se compromete a hacer un uso adecuado de los contenidos y servicios (como por ejemplo servicios de chat, foros de discusi\u00f3n o grupos de noticias) que INVESOIL ofrece a trav\u00e9s de su portal y con car\u00e1cter enunciativo pero no limitativo, a no emplearlos para:<\/p><ul><li>Incurrir en actividades il\u00edcitas, ilegales o contrarias a la buena fe y al orden p\u00fablico.<\/li><li>Difundir contenidos o propaganda de car\u00e1cter racista, xen\u00f3fobo, pornogr\u00e1fico-ilegal, de apolog\u00eda del terrorismo o atentatorio contra los derechos humanos.<\/li><li>Provocar da\u00f1os en los sistemas f\u00edsicos y l\u00f3gicos de INVESOIL , de sus proveedores o de terceras personas, introducir o difundir en la red virus inform\u00e1ticos o cualesquiera otros sistemas f\u00edsicos o l\u00f3gicos que sean susceptibles de provocar los da\u00f1os anteriormente mencionados.<\/li><li>Intentar acceder y, en su caso, utilizar las cuentas de correo electr\u00f3nico de otros usuarios y modificar o manipular sus mensajes.<\/li><\/ul><p>\u00a0<\/p><p>INVESOIL se reserva el derecho de retirar todos aquellos comentarios y aportaciones que vulneren el respeto a la dignidad de la persona, que sean discriminatorios, xen\u00f3fobos, racistas, pornogr\u00e1ficos, que atenten contra la juventud o la infancia, el orden o la seguridad p\u00fablica o que, a su juicio, no resultaran adecuados para su publicaci\u00f3n. En cualquier caso, INVESOIL no ser\u00e1 responsable de las opiniones vertidas por los usuarios a trav\u00e9s de los foros, chats, u otras herramientas de participaci\u00f3n.<\/p><p>\u00a0<\/p><h4>DERECHO DE EXCLUSI\u00d3N<\/h4><p>INVESOIL perseguir\u00e1 el incumplimiento de las presentes condiciones as\u00ed como cualquier utilizaci\u00f3n indebida de su portal ejerciendo todas las acciones civiles y penales que le puedan corresponder en derecho.<\/p><p>\u00a0<\/p><h4>MODIFICACI\u00d3N DE LAS PRESENTES CONDICIONES Y DURACI\u00d3N<\/h4><p>INVESOIL podr\u00e1 modificar en cualquier momento las condiciones aqu\u00ed determinadas, siendo debidamente publicadas como aqu\u00ed aparecen. La vigencia de las citadas condiciones ir\u00e1 en funci\u00f3n de su exposici\u00f3n y estar\u00e1n vigentes hasta que sean modificadas por otras debidamente publicadas.<\/p><p>\u00a0<\/p><h4>LEGISLACI\u00d3N APLICABLE Y JURISDICCI\u00d3N<\/h4><p>La relaci\u00f3n entre INVESOIL y el Usuario se regir\u00e1 por la normativa espa\u00f1ola vigente y cualquier controversia se someter\u00e1 a los Juzgados y tribunales de la ciudad de Barcelona.<\/p>\t\t\t\t\t\t\t\t<\/div>\n\t\t\t\t<\/div>\n\t\t\t\t\t<\/div>\n\t\t<\/div>\n\t\t\t\t\t<\/div>\n\t\t<\/section>\n\t\t\t\t<\/div>\n\t\t","protected":false},"excerpt":{"rendered":"<p>Aviso legal DATOS IDENTIFICATIVOS En cumplimiento con el deber de informaci\u00f3n recogido en el art\u00edculo 10 de la Ley 34\/2002, de 11 de julio, de Servicios de la Sociedad de la Informaci\u00f3n y del Comercio Electr\u00f3nico, a continuaci\u00f3n se reflejan los siguientes datos: la empresa titular del dominio web es INVESOIL CONSULTORES MEDIOAMBIENTALES, S.L. (en [&hellip;]<\/p>\n","protected":false},"author":3,"featured_media":0,"parent":0,"menu_order":0,"comment_status":"closed","ping_status":"closed","template":"elementor_header_footer","meta":{"footnotes":""},"class_list":["post-31","page","type-page","status-publish","hentry"],"yoast_head":"<!-- This site is optimized with the Yoast SEO plugin v26.7 - https:\/\/yoast.com\/wordpress\/plugins\/seo\/ -->\n<title>Aviso legal - Invesoil<\/title>\n<meta name=\"robots\" content=\"index, follow, max-snippet:-1, max-image-preview:large, max-video-preview:-1\" \/>\n<link rel=\"canonical\" href=\"https:\/\/www.invesoil.com\/es\/aviso-legal\/\" \/>\n<meta property=\"og:locale\" content=\"es_ES\" \/>\n<meta property=\"og:type\" content=\"article\" \/>\n<meta property=\"og:title\" content=\"Aviso legal - Invesoil\" \/>\n<meta property=\"og:description\" content=\"Aviso legal DATOS IDENTIFICATIVOS En cumplimiento con el deber de informaci\u00f3n recogido en el art\u00edculo 10 de la Ley 34\/2002, de 11 de julio, de Servicios de la Sociedad de la Informaci\u00f3n y del Comercio Electr\u00f3nico, a continuaci\u00f3n se reflejan los siguientes datos: la empresa titular del dominio web es INVESOIL CONSULTORES MEDIOAMBIENTALES, S.L. (en [&hellip;]\" \/>\n<meta property=\"og:url\" content=\"https:\/\/www.invesoil.com\/es\/aviso-legal\/\" \/>\n<meta property=\"og:site_name\" content=\"Invesoil\" \/>\n<meta property=\"article:modified_time\" content=\"2024-02-20T08:22:37+00:00\" \/>\n<meta name=\"twitter:card\" content=\"summary_large_image\" \/>\n<meta name=\"twitter:label1\" content=\"Tiempo de lectura\" \/>\n\t<meta name=\"twitter:data1\" content=\"3 minutos\" \/>\n<script type=\"application\/ld+json\" class=\"yoast-schema-graph\">{\"@context\":\"https:\/\/schema.org\",\"@graph\":[{\"@type\":\"WebPage\",\"@id\":\"https:\/\/www.invesoil.com\/es\/aviso-legal\/\",\"url\":\"https:\/\/www.invesoil.com\/es\/aviso-legal\/\",\"name\":\"Aviso legal - Invesoil\",\"isPartOf\":{\"@id\":\"https:\/\/www.invesoil.com\/es\/#website\"},\"datePublished\":\"2023-06-15T10:37:49+00:00\",\"dateModified\":\"2024-02-20T08:22:37+00:00\",\"breadcrumb\":{\"@id\":\"https:\/\/www.invesoil.com\/es\/aviso-legal\/#breadcrumb\"},\"inLanguage\":\"es\",\"potentialAction\":[{\"@type\":\"ReadAction\",\"target\":[\"https:\/\/www.invesoil.com\/es\/aviso-legal\/\"]}]},{\"@type\":\"BreadcrumbList\",\"@id\":\"https:\/\/www.invesoil.com\/es\/aviso-legal\/#breadcrumb\",\"itemListElement\":[{\"@type\":\"ListItem\",\"position\":1,\"name\":\"Portada\",\"item\":\"https:\/\/www.invesoil.com\/es\/\"},{\"@type\":\"ListItem\",\"position\":2,\"name\":\"Aviso legal\"}]},{\"@type\":\"WebSite\",\"@id\":\"https:\/\/www.invesoil.com\/es\/#website\",\"url\":\"https:\/\/www.invesoil.com\/es\/\",\"name\":\"Invesol\",\"description\":\"Consultores Medioambientales\",\"publisher\":{\"@id\":\"https:\/\/www.invesoil.com\/es\/#organization\"},\"alternateName\":\"Consultores Medioambientales\",\"potentialAction\":[{\"@type\":\"SearchAction\",\"target\":{\"@type\":\"EntryPoint\",\"urlTemplate\":\"https:\/\/www.invesoil.com\/es\/?s={search_term_string}\"},\"query-input\":{\"@type\":\"PropertyValueSpecification\",\"valueRequired\":true,\"valueName\":\"search_term_string\"}}],\"inLanguage\":\"es\"},{\"@type\":\"Organization\",\"@id\":\"https:\/\/www.invesoil.com\/es\/#organization\",\"name\":\"Invesoil\",\"url\":\"https:\/\/www.invesoil.com\/es\/\",\"logo\":{\"@type\":\"ImageObject\",\"inLanguage\":\"es\",\"@id\":\"https:\/\/www.invesoil.com\/es\/#\/schema\/logo\/image\/\",\"url\":\"https:\/\/www.invesoil.com\/wp-content\/uploads\/2023\/06\/logotipo-invesoil.png\",\"contentUrl\":\"https:\/\/www.invesoil.com\/wp-content\/uploads\/2023\/06\/logotipo-invesoil.png\",\"width\":865,\"height\":307,\"caption\":\"Invesoil\"},\"image\":{\"@id\":\"https:\/\/www.invesoil.com\/es\/#\/schema\/logo\/image\/\"}}]}<\/script>\n<!-- \/ Yoast SEO plugin. -->","yoast_head_json":{"title":"Aviso legal - Invesoil","robots":{"index":"index","follow":"follow","max-snippet":"max-snippet:-1","max-image-preview":"max-image-preview:large","max-video-preview":"max-video-preview:-1"},"canonical":"https:\/\/www.invesoil.com\/es\/aviso-legal\/","og_locale":"es_ES","og_type":"article","og_title":"Aviso legal - Invesoil","og_description":"Aviso legal DATOS IDENTIFICATIVOS En cumplimiento con el deber de informaci\u00f3n recogido en el art\u00edculo 10 de la Ley 34\/2002, de 11 de julio, de Servicios de la Sociedad de la Informaci\u00f3n y del Comercio Electr\u00f3nico, a continuaci\u00f3n se reflejan los siguientes datos: la empresa titular del dominio web es INVESOIL CONSULTORES MEDIOAMBIENTALES, S.L. (en [&hellip;]","og_url":"https:\/\/www.invesoil.com\/es\/aviso-legal\/","og_site_name":"Invesoil","article_modified_time":"2024-02-20T08:22:37+00:00","twitter_card":"summary_large_image","twitter_misc":{"Tiempo de lectura":"3 minutos"},"schema":{"@context":"https:\/\/schema.org","@graph":[{"@type":"WebPage","@id":"https:\/\/www.invesoil.com\/es\/aviso-legal\/","url":"https:\/\/www.invesoil.com\/es\/aviso-legal\/","name":"Aviso legal - Invesoil","isPartOf":{"@id":"https:\/\/www.invesoil.com\/es\/#website"},"datePublished":"2023-06-15T10:37:49+00:00","dateModified":"2024-02-20T08:22:37+00:00","breadcrumb":{"@id":"https:\/\/www.invesoil.com\/es\/aviso-legal\/#breadcrumb"},"inLanguage":"es","potentialAction":[{"@type":"ReadAction","target":["https:\/\/www.invesoil.com\/es\/aviso-legal\/"]}]},{"@type":"BreadcrumbList","@id":"https:\/\/www.invesoil.com\/es\/aviso-legal\/#breadcrumb","itemListElement":[{"@type":"ListItem","position":1,"name":"Portada","item":"https:\/\/www.invesoil.com\/es\/"},{"@type":"ListItem","position":2,"name":"Aviso legal"}]},{"@type":"WebSite","@id":"https:\/\/www.invesoil.com\/es\/#website","url":"https:\/\/www.invesoil.com\/es\/","name":"Invesol","description":"Consultores Medioambientales","publisher":{"@id":"https:\/\/www.invesoil.com\/es\/#organization"},"alternateName":"Consultores Medioambientales","potentialAction":[{"@type":"SearchAction","target":{"@type":"EntryPoint","urlTemplate":"https:\/\/www.invesoil.com\/es\/?s={search_term_string}"},"query-input":{"@type":"PropertyValueSpecification","valueRequired":true,"valueName":"search_term_string"}}],"inLanguage":"es"},{"@type":"Organization","@id":"https:\/\/www.invesoil.com\/es\/#organization","name":"Invesoil","url":"https:\/\/www.invesoil.com\/es\/","logo":{"@type":"ImageObject","inLanguage":"es","@id":"https:\/\/www.invesoil.com\/es\/#\/schema\/logo\/image\/","url":"https:\/\/www.invesoil.com\/wp-content\/uploads\/2023\/06\/logotipo-invesoil.png","contentUrl":"https:\/\/www.invesoil.com\/wp-content\/uploads\/2023\/06\/logotipo-invesoil.png","width":865,"height":307,"caption":"Invesoil"},"image":{"@id":"https:\/\/www.invesoil.com\/es\/#\/schema\/logo\/image\/"}}]}},"_links":{"self":[{"href":"https:\/\/www.invesoil.com\/es\/wp-json\/wp\/v2\/pages\/31","targetHints":{"allow":["GET"]}}],"collection":[{"href":"https:\/\/www.invesoil.com\/es\/wp-json\/wp\/v2\/pages"}],"about":[{"href":"https:\/\/www.invesoil.com\/es\/wp-json\/wp\/v2\/types\/page"}],"author":[{"embeddable":true,"href":"https:\/\/www.invesoil.com\/es\/wp-json\/wp\/v2\/users\/3"}],"replies":[{"embeddable":true,"href":"https:\/\/www.invesoil.com\/es\/wp-json\/wp\/v2\/comments?post=31"}],"version-history":[{"count":27,"href":"https:\/\/www.invesoil.com\/es\/wp-json\/wp\/v2\/pages\/31\/revisions"}],"predecessor-version":[{"id":2564,"href":"https:\/\/www.invesoil.com\/es\/wp-json\/wp\/v2\/pages\/31\/revisions\/2564"}],"wp:attachment":[{"href":"https:\/\/www.invesoil.com\/es\/wp-json\/wp\/v2\/media?parent=31"}],"curies":[{"name":"wp","href":"https:\/\/api.w.org\/{rel}","templated":true}]}}