{"id":29,"date":"2023-06-15T12:37:30","date_gmt":"2023-06-15T10:37:30","guid":{"rendered":"http:\/\/invesol.cluster027.hosting.ovh.net\/vj15267-ovh\/?page_id=29"},"modified":"2023-11-09T23:08:04","modified_gmt":"2023-11-09T22:08:04","slug":"politica-de-cookies","status":"publish","type":"page","link":"https:\/\/www.invesoil.com\/es\/politica-de-cookies\/","title":{"rendered":"Pol\u00edtica de cookies"},"content":{"rendered":"\t\t<div data-elementor-type=\"wp-page\" data-elementor-id=\"29\" class=\"elementor elementor-29\" data-elementor-post-type=\"page\">\n\t\t\t\t\t\t<section class=\"elementor-section elementor-top-section elementor-element elementor-element-597121b elementor-section-boxed elementor-section-height-default elementor-section-height-default\" data-id=\"597121b\" data-element_type=\"section\">\n\t\t\t\t\t\t<div class=\"elementor-container elementor-column-gap-default\">\n\t\t\t\t\t<div class=\"elementor-column elementor-col-100 elementor-top-column elementor-element elementor-element-e2e0238\" data-id=\"e2e0238\" data-element_type=\"column\">\n\t\t\t<div class=\"elementor-widget-wrap elementor-element-populated\">\n\t\t\t\t\t\t<div class=\"elementor-element elementor-element-7d559bc elementor-widget elementor-widget-heading\" data-id=\"7d559bc\" data-element_type=\"widget\" data-widget_type=\"heading.default\">\n\t\t\t\t<div class=\"elementor-widget-container\">\n\t\t\t\t\t<h1 class=\"elementor-heading-title elementor-size-default\">Pol\u00edtica de cookies<\/h1>\t\t\t\t<\/div>\n\t\t\t\t<\/div>\n\t\t\t\t\t<\/div>\n\t\t<\/div>\n\t\t\t\t\t<\/div>\n\t\t<\/section>\n\t\t\t\t<section class=\"elementor-section elementor-top-section elementor-element elementor-element-6d98a9d elementor-section-boxed elementor-section-height-default elementor-section-height-default\" data-id=\"6d98a9d\" data-element_type=\"section\">\n\t\t\t\t\t\t<div class=\"elementor-container elementor-column-gap-default\">\n\t\t\t\t\t<div class=\"elementor-column elementor-col-100 elementor-top-column elementor-element elementor-element-381a0ba\" data-id=\"381a0ba\" data-element_type=\"column\">\n\t\t\t<div class=\"elementor-widget-wrap elementor-element-populated\">\n\t\t\t\t\t\t<div class=\"elementor-element elementor-element-3d79c45 elementor-widget elementor-widget-text-editor\" data-id=\"3d79c45\" data-element_type=\"widget\" data-widget_type=\"text-editor.default\">\n\t\t\t\t<div class=\"elementor-widget-container\">\n\t\t\t\t\t\t\t\t\t<p>Cookie es un fichero que se descarga en su ordenador al acceder a determinadas p\u00e1ginas web. Las cookies permiten en una p\u00e1gina web, entre otras cosas, almacenar y recuperar informaci\u00f3n sobre los h\u00e1bitos de navegaci\u00f3n de un usuario o de su equipo y, dependiendo de la informaci\u00f3n que contengan y de la forma en que utilice su equipo, pueden utilizarse para reconocer al usuario. El navegador del usuario memoriza cookies en el disco llevar solamente durante la sesi\u00f3n actual ocupando un espacio de memoria m\u00ednimo y no perjudicando al ordenador. Las cookies no contienen ninguna clase de informaci\u00f3n personal espec\u00edfica, y la mayor\u00eda de las mismas se borran del disco llevar al finalizar la sesi\u00f3n de navegador (las denominadas cookies de sesi\u00f3n).<br aria-hidden=\"true\" \/><br aria-hidden=\"true\" \/>La mayor\u00eda de los navegadores aceptan como est\u00e1ndar a las cookies y, con independencia de las mismas, permiten o impiden en los ajustes de seguridad las cookies temporales o memorizadas.<br aria-hidden=\"true\" \/><br aria-hidden=\"true\" \/>Sin su expreso consentimiento \u2013mediante la activaci\u00f3n de las cookies en su navegador\u2013 <b><u><a id=\"OWA8ebb9856-225a-033c-471a-60e7029e1ca7\" href=\"https:\/\/www.invesoil.com\/\" target=\"_blank\" rel=\"noopener noreferrer\" data-auth=\"NotApplicable\" data-loopstyle=\"linkonly\" data-linkindex=\"0\">www.invesoil.com<\/a><\/u><\/b>\u00a0no enlazar\u00e1 en las cookies los datos memorizados con sus datos personales proporcionados en el momento del registro.<\/p><p>\u00a0<\/p><h4>\u00bfQu\u00e9 tipos de cookies utiliza esta p\u00e1gina web?<\/h4><p>\u00a0<\/p><ul><li><b>Cookies t\u00e9cnicas<\/b>: Son aquellas que permiten al usuario la navegaci\u00f3n a trav\u00e9s de una p\u00e1gina web, plataforma o aplicaci\u00f3n y la utilizaci\u00f3n de las diferentes opciones o servicios que en ella existan c\u00f3mo, por ejemplo, controlar el tr\u00e1fico y la comunicaci\u00f3n de datos, identificar la sesi\u00f3n, acceder a partes de acceso restringido, recordar los elementos que integran una acci\u00f3n, realizar la solicitud de inscripci\u00f3n o participaci\u00f3n en un acontecimiento, utilizar elementos de seguridad durante la navegaci\u00f3n.<br aria-hidden=\"true\" \/><br aria-hidden=\"true\" \/><\/li><li><b>Cookies de an\u00e1lisis<\/b>: Son aquellas que muy tratadas por nosotros o por terceros, nos permiten cuantificar el n\u00famero de usuarios y as\u00ed realizar la medici\u00f3n y an\u00e1lisis estad\u00edstico de la utilizaci\u00f3n que hacen los usuarios del servicio ofrecido. Para lo cual se analiza su navegaci\u00f3n en nuestra p\u00e1gina web con el fin de mejorar la oferta de servicios que le ofrecemos.<br aria-hidden=\"true\" \/><br aria-hidden=\"true\" \/><\/li><li><b>Cookies de terceros<\/b>: Invesoil puede utilizar servicios de terceros que, por cuenta de Invesoil, recopilaran informaci\u00f3n con finalidades estad\u00edsticas, de uso del Site por parte del usuario y por la prestaci\u00f3n otros servicios relacionados con la actividad del Website y otros servicios de Internet.<br aria-hidden=\"true\" \/>En particular, este sitio web utiliza <b>Google Analytics<\/b>, un servicio anal\u00edtico de web prestado por <b>Google, Inc.<\/b>\u00a0con domicilio en los Estados Unidos con sede central en 1600 Amphitheatre Parkway, Mountain View, California 94043.<br aria-hidden=\"true\" \/>Para la prestaci\u00f3n de estos servicios, estos utilizan cookies que recopilan la informaci\u00f3n, incluida la direcci\u00f3n IP del usuario, que ser\u00e1 transmitida, tratada y almacenada por Google en los t\u00e9rminos fijados en la Web. Google.com. Incluyendo la posible transmisi\u00f3n de esta informaci\u00f3n a terceros por razones de exigencia legal o cuando dichos terceros procesen la informaci\u00f3n por cuenta de Google.<\/li><\/ul><p>\u00a0<\/p><p>El Usuario acepta expresamente, por la utilizaci\u00f3n de este Site, el tratamiento de la informaci\u00f3n recaudada en la forma y con las finalidades anteriormente mencionadas. Y as\u00ed mismo reconoce conocer la posibilidad de rechazar el tratamiento de tales datos o informaci\u00f3n rechazando el uso de Cookies mediante la selecci\u00f3n de la configuraci\u00f3n apropiada a tal fin en su navegador. Si bien esta opci\u00f3n de bloqueo de *Cookies en su navegador puede no permitirle el uso lleno de todas las funcionalidades del Website.<br aria-hidden=\"true\" \/><br aria-hidden=\"true\" \/>Puede usted permitir, bloquear o eliminar las cookies instaladas en su equipo mediante la configuraci\u00f3n de las opciones del navegador instalado en su ordenador:<\/p><ul><li><u><a id=\"OWAec45601b-9e42-1fd1-65de-d7970b4a1904\" title=\"Google Chrome\" href=\"http:\/\/support.google.com\/chrome\/bin\/answer.py?hl=es&amp;answer=95647\" target=\"_blank\" rel=\"noopener noreferrer\" data-auth=\"NotApplicable\" data-linkindex=\"1\" data-loopstyle=\"linkonly\">Chrome<\/a><\/u><\/li><li><u><a id=\"OWAec3c1fcb-323b-916a-a619-48fbc27fdb65\" title=\"Internet Explorer\" href=\"http:\/\/windows.microsoft.com\/es-es\/windows7\/how-to-manage-cookies-in-internet-explorer-9\" target=\"_blank\" rel=\"noopener noreferrer\" data-auth=\"NotApplicable\" data-linkindex=\"2\" data-loopstyle=\"linkonly\">Explorer<\/a><\/u><\/li><li><u><a id=\"OWA6bc72b85-ee7a-e53b-60d2-8f0bee4445e9\" title=\"Mozilla Firefox\" href=\"http:\/\/support.mozilla.org\/es\/kb\/habilitar-y-deshabilitar-cookies-que-los-sitios-we\" target=\"_blank\" rel=\"noopener noreferrer\" data-auth=\"NotApplicable\" data-linkindex=\"3\" data-loopstyle=\"linkonly\">Firefox<\/a><\/u><\/li><\/ul>\t\t\t\t\t\t\t\t<\/div>\n\t\t\t\t<\/div>\n\t\t\t\t\t<\/div>\n\t\t<\/div>\n\t\t\t\t\t<\/div>\n\t\t<\/section>\n\t\t\t\t<\/div>\n\t\t","protected":false},"excerpt":{"rendered":"<p>Pol\u00edtica de cookies Cookie es un fichero que se descarga en su ordenador al acceder a determinadas p\u00e1ginas web. Las cookies permiten en una p\u00e1gina web, entre otras cosas, almacenar y recuperar informaci\u00f3n sobre los h\u00e1bitos de navegaci\u00f3n de un usuario o de su equipo y, dependiendo de la informaci\u00f3n que contengan y de la [&hellip;]<\/p>\n","protected":false},"author":3,"featured_media":0,"parent":0,"menu_order":0,"comment_status":"closed","ping_status":"closed","template":"elementor_header_footer","meta":{"footnotes":""},"class_list":["post-29","page","type-page","status-publish","hentry"],"yoast_head":"<!-- This site is optimized with the Yoast SEO plugin v26.7 - https:\/\/yoast.com\/wordpress\/plugins\/seo\/ -->\n<title>Pol\u00edtica de cookies - Invesoil<\/title>\n<meta name=\"robots\" content=\"index, follow, max-snippet:-1, max-image-preview:large, max-video-preview:-1\" \/>\n<link rel=\"canonical\" href=\"https:\/\/www.invesoil.com\/es\/politica-de-cookies\/\" \/>\n<meta property=\"og:locale\" content=\"es_ES\" \/>\n<meta property=\"og:type\" content=\"article\" \/>\n<meta property=\"og:title\" content=\"Pol\u00edtica de cookies - Invesoil\" \/>\n<meta property=\"og:description\" content=\"Pol\u00edtica de cookies Cookie es un fichero que se descarga en su ordenador al acceder a determinadas p\u00e1ginas web. Las cookies permiten en una p\u00e1gina web, entre otras cosas, almacenar y recuperar informaci\u00f3n sobre los h\u00e1bitos de navegaci\u00f3n de un usuario o de su equipo y, dependiendo de la informaci\u00f3n que contengan y de la [&hellip;]\" \/>\n<meta property=\"og:url\" content=\"https:\/\/www.invesoil.com\/es\/politica-de-cookies\/\" \/>\n<meta property=\"og:site_name\" content=\"Invesoil\" \/>\n<meta property=\"article:modified_time\" content=\"2023-11-09T22:08:04+00:00\" \/>\n<meta name=\"twitter:card\" content=\"summary_large_image\" \/>\n<meta name=\"twitter:label1\" content=\"Tiempo de lectura\" \/>\n\t<meta name=\"twitter:data1\" content=\"3 minutos\" \/>\n<script type=\"application\/ld+json\" class=\"yoast-schema-graph\">{\"@context\":\"https:\/\/schema.org\",\"@graph\":[{\"@type\":\"WebPage\",\"@id\":\"https:\/\/www.invesoil.com\/es\/politica-de-cookies\/\",\"url\":\"https:\/\/www.invesoil.com\/es\/politica-de-cookies\/\",\"name\":\"Pol\u00edtica de cookies - Invesoil\",\"isPartOf\":{\"@id\":\"https:\/\/www.invesoil.com\/es\/#website\"},\"datePublished\":\"2023-06-15T10:37:30+00:00\",\"dateModified\":\"2023-11-09T22:08:04+00:00\",\"breadcrumb\":{\"@id\":\"https:\/\/www.invesoil.com\/es\/politica-de-cookies\/#breadcrumb\"},\"inLanguage\":\"es\",\"potentialAction\":[{\"@type\":\"ReadAction\",\"target\":[\"https:\/\/www.invesoil.com\/es\/politica-de-cookies\/\"]}]},{\"@type\":\"BreadcrumbList\",\"@id\":\"https:\/\/www.invesoil.com\/es\/politica-de-cookies\/#breadcrumb\",\"itemListElement\":[{\"@type\":\"ListItem\",\"position\":1,\"name\":\"Portada\",\"item\":\"https:\/\/www.invesoil.com\/es\/\"},{\"@type\":\"ListItem\",\"position\":2,\"name\":\"Pol\u00edtica de cookies\"}]},{\"@type\":\"WebSite\",\"@id\":\"https:\/\/www.invesoil.com\/es\/#website\",\"url\":\"https:\/\/www.invesoil.com\/es\/\",\"name\":\"Invesol\",\"description\":\"Consultores Medioambientales\",\"publisher\":{\"@id\":\"https:\/\/www.invesoil.com\/es\/#organization\"},\"alternateName\":\"Consultores Medioambientales\",\"potentialAction\":[{\"@type\":\"SearchAction\",\"target\":{\"@type\":\"EntryPoint\",\"urlTemplate\":\"https:\/\/www.invesoil.com\/es\/?s={search_term_string}\"},\"query-input\":{\"@type\":\"PropertyValueSpecification\",\"valueRequired\":true,\"valueName\":\"search_term_string\"}}],\"inLanguage\":\"es\"},{\"@type\":\"Organization\",\"@id\":\"https:\/\/www.invesoil.com\/es\/#organization\",\"name\":\"Invesoil\",\"url\":\"https:\/\/www.invesoil.com\/es\/\",\"logo\":{\"@type\":\"ImageObject\",\"inLanguage\":\"es\",\"@id\":\"https:\/\/www.invesoil.com\/es\/#\/schema\/logo\/image\/\",\"url\":\"https:\/\/www.invesoil.com\/wp-content\/uploads\/2023\/06\/logotipo-invesoil.png\",\"contentUrl\":\"https:\/\/www.invesoil.com\/wp-content\/uploads\/2023\/06\/logotipo-invesoil.png\",\"width\":865,\"height\":307,\"caption\":\"Invesoil\"},\"image\":{\"@id\":\"https:\/\/www.invesoil.com\/es\/#\/schema\/logo\/image\/\"}}]}<\/script>\n<!-- \/ Yoast SEO plugin. -->","yoast_head_json":{"title":"Pol\u00edtica de cookies - Invesoil","robots":{"index":"index","follow":"follow","max-snippet":"max-snippet:-1","max-image-preview":"max-image-preview:large","max-video-preview":"max-video-preview:-1"},"canonical":"https:\/\/www.invesoil.com\/es\/politica-de-cookies\/","og_locale":"es_ES","og_type":"article","og_title":"Pol\u00edtica de cookies - Invesoil","og_description":"Pol\u00edtica de cookies Cookie es un fichero que se descarga en su ordenador al acceder a determinadas p\u00e1ginas web. Las cookies permiten en una p\u00e1gina web, entre otras cosas, almacenar y recuperar informaci\u00f3n sobre los h\u00e1bitos de navegaci\u00f3n de un usuario o de su equipo y, dependiendo de la informaci\u00f3n que contengan y de la [&hellip;]","og_url":"https:\/\/www.invesoil.com\/es\/politica-de-cookies\/","og_site_name":"Invesoil","article_modified_time":"2023-11-09T22:08:04+00:00","twitter_card":"summary_large_image","twitter_misc":{"Tiempo de lectura":"3 minutos"},"schema":{"@context":"https:\/\/schema.org","@graph":[{"@type":"WebPage","@id":"https:\/\/www.invesoil.com\/es\/politica-de-cookies\/","url":"https:\/\/www.invesoil.com\/es\/politica-de-cookies\/","name":"Pol\u00edtica de cookies - Invesoil","isPartOf":{"@id":"https:\/\/www.invesoil.com\/es\/#website"},"datePublished":"2023-06-15T10:37:30+00:00","dateModified":"2023-11-09T22:08:04+00:00","breadcrumb":{"@id":"https:\/\/www.invesoil.com\/es\/politica-de-cookies\/#breadcrumb"},"inLanguage":"es","potentialAction":[{"@type":"ReadAction","target":["https:\/\/www.invesoil.com\/es\/politica-de-cookies\/"]}]},{"@type":"BreadcrumbList","@id":"https:\/\/www.invesoil.com\/es\/politica-de-cookies\/#breadcrumb","itemListElement":[{"@type":"ListItem","position":1,"name":"Portada","item":"https:\/\/www.invesoil.com\/es\/"},{"@type":"ListItem","position":2,"name":"Pol\u00edtica de cookies"}]},{"@type":"WebSite","@id":"https:\/\/www.invesoil.com\/es\/#website","url":"https:\/\/www.invesoil.com\/es\/","name":"Invesol","description":"Consultores Medioambientales","publisher":{"@id":"https:\/\/www.invesoil.com\/es\/#organization"},"alternateName":"Consultores Medioambientales","potentialAction":[{"@type":"SearchAction","target":{"@type":"EntryPoint","urlTemplate":"https:\/\/www.invesoil.com\/es\/?s={search_term_string}"},"query-input":{"@type":"PropertyValueSpecification","valueRequired":true,"valueName":"search_term_string"}}],"inLanguage":"es"},{"@type":"Organization","@id":"https:\/\/www.invesoil.com\/es\/#organization","name":"Invesoil","url":"https:\/\/www.invesoil.com\/es\/","logo":{"@type":"ImageObject","inLanguage":"es","@id":"https:\/\/www.invesoil.com\/es\/#\/schema\/logo\/image\/","url":"https:\/\/www.invesoil.com\/wp-content\/uploads\/2023\/06\/logotipo-invesoil.png","contentUrl":"https:\/\/www.invesoil.com\/wp-content\/uploads\/2023\/06\/logotipo-invesoil.png","width":865,"height":307,"caption":"Invesoil"},"image":{"@id":"https:\/\/www.invesoil.com\/es\/#\/schema\/logo\/image\/"}}]}},"_links":{"self":[{"href":"https:\/\/www.invesoil.com\/es\/wp-json\/wp\/v2\/pages\/29","targetHints":{"allow":["GET"]}}],"collection":[{"href":"https:\/\/www.invesoil.com\/es\/wp-json\/wp\/v2\/pages"}],"about":[{"href":"https:\/\/www.invesoil.com\/es\/wp-json\/wp\/v2\/types\/page"}],"author":[{"embeddable":true,"href":"https:\/\/www.invesoil.com\/es\/wp-json\/wp\/v2\/users\/3"}],"replies":[{"embeddable":true,"href":"https:\/\/www.invesoil.com\/es\/wp-json\/wp\/v2\/comments?post=29"}],"version-history":[{"count":18,"href":"https:\/\/www.invesoil.com\/es\/wp-json\/wp\/v2\/pages\/29\/revisions"}],"predecessor-version":[{"id":2164,"href":"https:\/\/www.invesoil.com\/es\/wp-json\/wp\/v2\/pages\/29\/revisions\/2164"}],"wp:attachment":[{"href":"https:\/\/www.invesoil.com\/es\/wp-json\/wp\/v2\/media?parent=29"}],"curies":[{"name":"wp","href":"https:\/\/api.w.org\/{rel}","templated":true}]}}