{"id":23,"date":"2023-06-15T12:36:05","date_gmt":"2023-06-15T10:36:05","guid":{"rendered":"http:\/\/invesol.cluster027.hosting.ovh.net\/vj15267-ovh\/?page_id=23"},"modified":"2024-03-20T19:46:05","modified_gmt":"2024-03-20T18:46:05","slug":"acreditaciones","status":"publish","type":"page","link":"https:\/\/www.invesoil.com\/es\/acreditaciones\/","title":{"rendered":"Acreditaciones"},"content":{"rendered":"\t\t<div data-elementor-type=\"wp-page\" data-elementor-id=\"23\" class=\"elementor elementor-23\" data-elementor-post-type=\"page\">\n\t\t\t\t\t\t<section class=\"elementor-section elementor-top-section elementor-element elementor-element-ca6fbc1 elementor-section-height-min-height elementor-section-items-top elementor-section-content-middle elementor-section-boxed elementor-section-height-default\" data-id=\"ca6fbc1\" data-element_type=\"section\" data-settings=\"{&quot;background_background&quot;:&quot;classic&quot;,&quot;background_motion_fx_motion_fx_scrolling&quot;:&quot;yes&quot;,&quot;background_motion_fx_devices&quot;:[&quot;desktop&quot;,&quot;tablet&quot;,&quot;mobile&quot;]}\">\n\t\t\t\t\t\t<div class=\"elementor-container elementor-column-gap-no\">\n\t\t\t\t\t<div class=\"elementor-column elementor-col-100 elementor-top-column elementor-element elementor-element-9ee445b\" data-id=\"9ee445b\" data-element_type=\"column\">\n\t\t\t<div class=\"elementor-widget-wrap elementor-element-populated\">\n\t\t\t\t\t\t<div class=\"elementor-element elementor-element-7657044 elementor-widget elementor-widget-heading\" data-id=\"7657044\" data-element_type=\"widget\" data-widget_type=\"heading.default\">\n\t\t\t\t<div class=\"elementor-widget-container\">\n\t\t\t\t\t<h1 class=\"elementor-heading-title elementor-size-default\">Acreditaciones<\/h1>\t\t\t\t<\/div>\n\t\t\t\t<\/div>\n\t\t\t\t\t<\/div>\n\t\t<\/div>\n\t\t\t\t\t<\/div>\n\t\t<\/section>\n\t\t\t\t<section class=\"elementor-section elementor-top-section elementor-element elementor-element-a43e4dd elementor-section-boxed elementor-section-height-default elementor-section-height-default\" data-id=\"a43e4dd\" data-element_type=\"section\">\n\t\t\t\t\t\t<div class=\"elementor-container elementor-column-gap-default\">\n\t\t\t\t\t<div class=\"elementor-column elementor-col-100 elementor-top-column elementor-element elementor-element-85e2243\" data-id=\"85e2243\" data-element_type=\"column\" data-settings=\"{&quot;background_background&quot;:&quot;classic&quot;}\">\n\t\t\t<div class=\"elementor-widget-wrap elementor-element-populated\">\n\t\t\t\t\t\t<div class=\"elementor-element elementor-element-58a7e22 elementor-widget elementor-widget-heading\" data-id=\"58a7e22\" data-element_type=\"widget\" data-widget_type=\"heading.default\">\n\t\t\t\t<div class=\"elementor-widget-container\">\n\t\t\t\t\t<h2 class=\"elementor-heading-title elementor-size-default\">Acreditaci\u00f3n ENAC<\/h2>\t\t\t\t<\/div>\n\t\t\t\t<\/div>\n\t\t\t\t<div class=\"elementor-element elementor-element-8cc44b4 elementor-widget elementor-widget-text-editor\" data-id=\"8cc44b4\" data-element_type=\"widget\" data-widget_type=\"text-editor.default\">\n\t\t\t\t<div class=\"elementor-widget-container\">\n\t\t\t\t\t\t\t\t\t<p>(pulsar para abrir)<\/p>\t\t\t\t\t\t\t\t<\/div>\n\t\t\t\t<\/div>\n\t\t\t\t<div class=\"elementor-element elementor-element-c013b53 elementor-widget elementor-widget-image\" data-id=\"c013b53\" data-element_type=\"widget\" data-widget_type=\"image.default\">\n\t\t\t\t<div class=\"elementor-widget-container\">\n\t\t\t\t\t\t\t\t\t\t\t\t\t\t\t\t<a href=\"https:\/\/www.invesoil.com\/wp-content\/uploads\/2023\/12\/acreditacion.pdf\" target=\"_blank\">\n\t\t\t\t\t\t\t<img fetchpriority=\"high\" decoding=\"async\" width=\"580\" height=\"734\" src=\"https:\/\/www.invesoil.com\/wp-content\/uploads\/2023\/10\/invesoil-portada-acreditacion-enac.png\" class=\"attachment-large size-large wp-image-1763\" alt=\"\" srcset=\"https:\/\/www.invesoil.com\/wp-content\/uploads\/2023\/10\/invesoil-portada-acreditacion-enac.png 580w, https:\/\/www.invesoil.com\/wp-content\/uploads\/2023\/10\/invesoil-portada-acreditacion-enac-237x300.png 237w\" sizes=\"(max-width: 580px) 100vw, 580px\" \/>\t\t\t\t\t\t\t\t<\/a>\n\t\t\t\t\t\t\t\t\t\t\t\t\t\t\t<\/div>\n\t\t\t\t<\/div>\n\t\t\t\t<section class=\"elementor-section elementor-inner-section elementor-element elementor-element-b02eb7f elementor-section-boxed elementor-section-height-default elementor-section-height-default\" data-id=\"b02eb7f\" data-element_type=\"section\">\n\t\t\t\t\t\t<div class=\"elementor-container elementor-column-gap-default\">\n\t\t\t\t\t<div class=\"elementor-column elementor-col-50 elementor-inner-column elementor-element elementor-element-981e44d\" data-id=\"981e44d\" data-element_type=\"column\">\n\t\t\t<div class=\"elementor-widget-wrap elementor-element-populated\">\n\t\t\t\t\t\t<div class=\"elementor-element elementor-element-3864f06 elementor-widget elementor-widget-heading\" data-id=\"3864f06\" data-element_type=\"widget\" data-widget_type=\"heading.default\">\n\t\t\t\t<div class=\"elementor-widget-container\">\n\t\t\t\t\t<h2 class=\"elementor-heading-title elementor-size-default\">Anexo T\u00e9cnico<\/h2>\t\t\t\t<\/div>\n\t\t\t\t<\/div>\n\t\t\t\t\t<\/div>\n\t\t<\/div>\n\t\t\t\t<div class=\"elementor-column elementor-col-50 elementor-inner-column elementor-element elementor-element-a2b7e36\" data-id=\"a2b7e36\" data-element_type=\"column\">\n\t\t\t<div class=\"elementor-widget-wrap elementor-element-populated\">\n\t\t\t\t\t\t<div class=\"elementor-element elementor-element-ad2735c elementor-view-stacked elementor-shape-circle elementor-widget elementor-widget-icon\" data-id=\"ad2735c\" data-element_type=\"widget\" data-widget_type=\"icon.default\">\n\t\t\t\t<div class=\"elementor-widget-container\">\n\t\t\t\t\t\t\t<div class=\"elementor-icon-wrapper\">\n\t\t\t<a class=\"elementor-icon elementor-animation-grow\" href=\"https:\/\/www.invesoil.com\/wp-content\/uploads\/2024\/01\/anexo-tecnico-230123.pdf\" target=\"_blank\">\n\t\t\t<i aria-hidden=\"true\" class=\"far fa-file-pdf\"><\/i>\t\t\t<\/a>\n\t\t<\/div>\n\t\t\t\t\t\t<\/div>\n\t\t\t\t<\/div>\n\t\t\t\t\t<\/div>\n\t\t<\/div>\n\t\t\t\t\t<\/div>\n\t\t<\/section>\n\t\t\t\t\t<\/div>\n\t\t<\/div>\n\t\t\t\t\t<\/div>\n\t\t<\/section>\n\t\t\t\t<section class=\"elementor-section elementor-top-section elementor-element elementor-element-fbbc7a7 elementor-section-boxed elementor-section-height-default elementor-section-height-default\" data-id=\"fbbc7a7\" data-element_type=\"section\">\n\t\t\t\t\t\t<div class=\"elementor-container elementor-column-gap-default\">\n\t\t\t\t\t<div class=\"elementor-column elementor-col-100 elementor-top-column elementor-element elementor-element-4d5d3e7\" data-id=\"4d5d3e7\" data-element_type=\"column\" data-settings=\"{&quot;background_background&quot;:&quot;classic&quot;}\">\n\t\t\t<div class=\"elementor-widget-wrap elementor-element-populated\">\n\t\t\t\t\t\t<div class=\"elementor-element elementor-element-376aed0 elementor-widget elementor-widget-heading\" data-id=\"376aed0\" data-element_type=\"widget\" data-widget_type=\"heading.default\">\n\t\t\t\t<div class=\"elementor-widget-container\">\n\t\t\t\t\t<h2 class=\"elementor-heading-title elementor-size-default\">Acreditaci\u00f3n Generalitat de Catalunya<\/h2>\t\t\t\t<\/div>\n\t\t\t\t<\/div>\n\t\t\t\t<div class=\"elementor-element elementor-element-bf7c770 elementor-widget elementor-widget-text-editor\" data-id=\"bf7c770\" data-element_type=\"widget\" data-widget_type=\"text-editor.default\">\n\t\t\t\t<div class=\"elementor-widget-container\">\n\t\t\t\t\t\t\t\t\t<p>(pulsar para abrir)<\/p>\t\t\t\t\t\t\t\t<\/div>\n\t\t\t\t<\/div>\n\t\t\t\t<div class=\"elementor-element elementor-element-7a80a95 elementor-widget elementor-widget-image\" data-id=\"7a80a95\" data-element_type=\"widget\" data-widget_type=\"image.default\">\n\t\t\t\t<div class=\"elementor-widget-container\">\n\t\t\t\t\t\t\t\t\t\t\t\t\t\t\t\t<a href=\"https:\/\/www.invesoil.com\/wp-content\/uploads\/2024\/03\/certificat_habilitacio_invesoil_signed.pdf\" target=\"_blank\">\n\t\t\t\t\t\t\t<img decoding=\"async\" width=\"538\" height=\"586\" src=\"https:\/\/www.invesoil.com\/wp-content\/uploads\/2024\/03\/Generalitat.jpg\" class=\"attachment-large size-large wp-image-2641\" alt=\"\" srcset=\"https:\/\/www.invesoil.com\/wp-content\/uploads\/2024\/03\/Generalitat.jpg 538w, https:\/\/www.invesoil.com\/wp-content\/uploads\/2024\/03\/Generalitat-275x300.jpg 275w\" sizes=\"(max-width: 538px) 100vw, 538px\" \/>\t\t\t\t\t\t\t\t<\/a>\n\t\t\t\t\t\t\t\t\t\t\t\t\t\t\t<\/div>\n\t\t\t\t<\/div>\n\t\t\t\t<section class=\"elementor-section elementor-inner-section elementor-element elementor-element-267957c elementor-section-boxed elementor-section-height-default elementor-section-height-default\" data-id=\"267957c\" data-element_type=\"section\">\n\t\t\t\t\t\t<div class=\"elementor-container elementor-column-gap-default\">\n\t\t\t\t\t<div class=\"elementor-column elementor-col-50 elementor-inner-column elementor-element elementor-element-922b419\" data-id=\"922b419\" data-element_type=\"column\">\n\t\t\t<div class=\"elementor-widget-wrap elementor-element-populated\">\n\t\t\t\t\t\t<div class=\"elementor-element elementor-element-65b6cba elementor-widget elementor-widget-heading\" data-id=\"65b6cba\" data-element_type=\"widget\" data-widget_type=\"heading.default\">\n\t\t\t\t<div class=\"elementor-widget-container\">\n\t\t\t\t\t<h2 class=\"elementor-heading-title elementor-size-default\">Anexo T\u00e9cnico<\/h2>\t\t\t\t<\/div>\n\t\t\t\t<\/div>\n\t\t\t\t\t<\/div>\n\t\t<\/div>\n\t\t\t\t<div class=\"elementor-column elementor-col-50 elementor-inner-column elementor-element elementor-element-c276446\" data-id=\"c276446\" data-element_type=\"column\">\n\t\t\t<div class=\"elementor-widget-wrap elementor-element-populated\">\n\t\t\t\t\t\t<div class=\"elementor-element elementor-element-cbc6e0d elementor-view-stacked elementor-shape-circle elementor-widget elementor-widget-icon\" data-id=\"cbc6e0d\" data-element_type=\"widget\" data-widget_type=\"icon.default\">\n\t\t\t\t<div class=\"elementor-widget-container\">\n\t\t\t\t\t\t\t<div class=\"elementor-icon-wrapper\">\n\t\t\t<a class=\"elementor-icon elementor-animation-grow\" href=\"https:\/\/www.invesoil.com\/wp-content\/uploads\/2024\/03\/certificat_habilitacio_invesoil_signed.pdf\" target=\"_blank\">\n\t\t\t<i aria-hidden=\"true\" class=\"far fa-file-pdf\"><\/i>\t\t\t<\/a>\n\t\t<\/div>\n\t\t\t\t\t\t<\/div>\n\t\t\t\t<\/div>\n\t\t\t\t\t<\/div>\n\t\t<\/div>\n\t\t\t\t\t<\/div>\n\t\t<\/section>\n\t\t\t\t\t<\/div>\n\t\t<\/div>\n\t\t\t\t\t<\/div>\n\t\t<\/section>\n\t\t\t\t<\/div>\n\t\t","protected":false},"excerpt":{"rendered":"<p>Acreditaciones Acreditaci\u00f3n ENAC (pulsar para abrir) Anexo T\u00e9cnico Acreditaci\u00f3n Generalitat de Catalunya (pulsar para abrir) Anexo T\u00e9cnico<\/p>\n","protected":false},"author":3,"featured_media":0,"parent":0,"menu_order":0,"comment_status":"closed","ping_status":"closed","template":"elementor_header_footer","meta":{"footnotes":""},"class_list":["post-23","page","type-page","status-publish","hentry"],"yoast_head":"<!-- This site is optimized with the Yoast SEO plugin v26.7 - https:\/\/yoast.com\/wordpress\/plugins\/seo\/ -->\n<title>Acreditaciones - Invesoil<\/title>\n<meta name=\"robots\" content=\"index, follow, max-snippet:-1, max-image-preview:large, max-video-preview:-1\" \/>\n<link rel=\"canonical\" href=\"https:\/\/www.invesoil.com\/es\/acreditaciones\/\" \/>\n<meta property=\"og:locale\" content=\"es_ES\" \/>\n<meta property=\"og:type\" content=\"article\" \/>\n<meta property=\"og:title\" content=\"Acreditaciones - Invesoil\" \/>\n<meta property=\"og:description\" content=\"Acreditaciones Acreditaci\u00f3n ENAC (pulsar para abrir) Anexo T\u00e9cnico Acreditaci\u00f3n Generalitat de Catalunya (pulsar para abrir) Anexo T\u00e9cnico\" \/>\n<meta property=\"og:url\" content=\"https:\/\/www.invesoil.com\/es\/acreditaciones\/\" \/>\n<meta property=\"og:site_name\" content=\"Invesoil\" \/>\n<meta property=\"article:modified_time\" content=\"2024-03-20T18:46:05+00:00\" \/>\n<meta property=\"og:image\" content=\"https:\/\/www.invesoil.com\/wp-content\/uploads\/2023\/10\/invesoil-portada-acreditacion-enac.png\" \/>\n<meta name=\"twitter:card\" content=\"summary_large_image\" \/>\n<meta name=\"twitter:label1\" content=\"Tiempo de lectura\" \/>\n\t<meta name=\"twitter:data1\" content=\"1 minuto\" \/>\n<script type=\"application\/ld+json\" class=\"yoast-schema-graph\">{\"@context\":\"https:\/\/schema.org\",\"@graph\":[{\"@type\":\"WebPage\",\"@id\":\"https:\/\/www.invesoil.com\/es\/acreditaciones\/\",\"url\":\"https:\/\/www.invesoil.com\/es\/acreditaciones\/\",\"name\":\"Acreditaciones - Invesoil\",\"isPartOf\":{\"@id\":\"https:\/\/www.invesoil.com\/es\/#website\"},\"primaryImageOfPage\":{\"@id\":\"https:\/\/www.invesoil.com\/es\/acreditaciones\/#primaryimage\"},\"image\":{\"@id\":\"https:\/\/www.invesoil.com\/es\/acreditaciones\/#primaryimage\"},\"thumbnailUrl\":\"https:\/\/www.invesoil.com\/wp-content\/uploads\/2023\/10\/invesoil-portada-acreditacion-enac.png\",\"datePublished\":\"2023-06-15T10:36:05+00:00\",\"dateModified\":\"2024-03-20T18:46:05+00:00\",\"breadcrumb\":{\"@id\":\"https:\/\/www.invesoil.com\/es\/acreditaciones\/#breadcrumb\"},\"inLanguage\":\"es\",\"potentialAction\":[{\"@type\":\"ReadAction\",\"target\":[\"https:\/\/www.invesoil.com\/es\/acreditaciones\/\"]}]},{\"@type\":\"ImageObject\",\"inLanguage\":\"es\",\"@id\":\"https:\/\/www.invesoil.com\/es\/acreditaciones\/#primaryimage\",\"url\":\"https:\/\/www.invesoil.com\/wp-content\/uploads\/2023\/10\/invesoil-portada-acreditacion-enac.png\",\"contentUrl\":\"https:\/\/www.invesoil.com\/wp-content\/uploads\/2023\/10\/invesoil-portada-acreditacion-enac.png\"},{\"@type\":\"BreadcrumbList\",\"@id\":\"https:\/\/www.invesoil.com\/es\/acreditaciones\/#breadcrumb\",\"itemListElement\":[{\"@type\":\"ListItem\",\"position\":1,\"name\":\"Portada\",\"item\":\"https:\/\/www.invesoil.com\/es\/\"},{\"@type\":\"ListItem\",\"position\":2,\"name\":\"Acreditaciones\"}]},{\"@type\":\"WebSite\",\"@id\":\"https:\/\/www.invesoil.com\/es\/#website\",\"url\":\"https:\/\/www.invesoil.com\/es\/\",\"name\":\"Invesol\",\"description\":\"Consultores Medioambientales\",\"publisher\":{\"@id\":\"https:\/\/www.invesoil.com\/es\/#organization\"},\"alternateName\":\"Consultores Medioambientales\",\"potentialAction\":[{\"@type\":\"SearchAction\",\"target\":{\"@type\":\"EntryPoint\",\"urlTemplate\":\"https:\/\/www.invesoil.com\/es\/?s={search_term_string}\"},\"query-input\":{\"@type\":\"PropertyValueSpecification\",\"valueRequired\":true,\"valueName\":\"search_term_string\"}}],\"inLanguage\":\"es\"},{\"@type\":\"Organization\",\"@id\":\"https:\/\/www.invesoil.com\/es\/#organization\",\"name\":\"Invesoil\",\"url\":\"https:\/\/www.invesoil.com\/es\/\",\"logo\":{\"@type\":\"ImageObject\",\"inLanguage\":\"es\",\"@id\":\"https:\/\/www.invesoil.com\/es\/#\/schema\/logo\/image\/\",\"url\":\"https:\/\/www.invesoil.com\/wp-content\/uploads\/2023\/06\/logotipo-invesoil.png\",\"contentUrl\":\"https:\/\/www.invesoil.com\/wp-content\/uploads\/2023\/06\/logotipo-invesoil.png\",\"width\":865,\"height\":307,\"caption\":\"Invesoil\"},\"image\":{\"@id\":\"https:\/\/www.invesoil.com\/es\/#\/schema\/logo\/image\/\"}}]}<\/script>\n<!-- \/ Yoast SEO plugin. -->","yoast_head_json":{"title":"Acreditaciones - Invesoil","robots":{"index":"index","follow":"follow","max-snippet":"max-snippet:-1","max-image-preview":"max-image-preview:large","max-video-preview":"max-video-preview:-1"},"canonical":"https:\/\/www.invesoil.com\/es\/acreditaciones\/","og_locale":"es_ES","og_type":"article","og_title":"Acreditaciones - Invesoil","og_description":"Acreditaciones Acreditaci\u00f3n ENAC (pulsar para abrir) Anexo T\u00e9cnico Acreditaci\u00f3n Generalitat de Catalunya (pulsar para abrir) Anexo T\u00e9cnico","og_url":"https:\/\/www.invesoil.com\/es\/acreditaciones\/","og_site_name":"Invesoil","article_modified_time":"2024-03-20T18:46:05+00:00","og_image":[{"url":"https:\/\/www.invesoil.com\/wp-content\/uploads\/2023\/10\/invesoil-portada-acreditacion-enac.png","type":"","width":"","height":""}],"twitter_card":"summary_large_image","twitter_misc":{"Tiempo de lectura":"1 minuto"},"schema":{"@context":"https:\/\/schema.org","@graph":[{"@type":"WebPage","@id":"https:\/\/www.invesoil.com\/es\/acreditaciones\/","url":"https:\/\/www.invesoil.com\/es\/acreditaciones\/","name":"Acreditaciones - Invesoil","isPartOf":{"@id":"https:\/\/www.invesoil.com\/es\/#website"},"primaryImageOfPage":{"@id":"https:\/\/www.invesoil.com\/es\/acreditaciones\/#primaryimage"},"image":{"@id":"https:\/\/www.invesoil.com\/es\/acreditaciones\/#primaryimage"},"thumbnailUrl":"https:\/\/www.invesoil.com\/wp-content\/uploads\/2023\/10\/invesoil-portada-acreditacion-enac.png","datePublished":"2023-06-15T10:36:05+00:00","dateModified":"2024-03-20T18:46:05+00:00","breadcrumb":{"@id":"https:\/\/www.invesoil.com\/es\/acreditaciones\/#breadcrumb"},"inLanguage":"es","potentialAction":[{"@type":"ReadAction","target":["https:\/\/www.invesoil.com\/es\/acreditaciones\/"]}]},{"@type":"ImageObject","inLanguage":"es","@id":"https:\/\/www.invesoil.com\/es\/acreditaciones\/#primaryimage","url":"https:\/\/www.invesoil.com\/wp-content\/uploads\/2023\/10\/invesoil-portada-acreditacion-enac.png","contentUrl":"https:\/\/www.invesoil.com\/wp-content\/uploads\/2023\/10\/invesoil-portada-acreditacion-enac.png"},{"@type":"BreadcrumbList","@id":"https:\/\/www.invesoil.com\/es\/acreditaciones\/#breadcrumb","itemListElement":[{"@type":"ListItem","position":1,"name":"Portada","item":"https:\/\/www.invesoil.com\/es\/"},{"@type":"ListItem","position":2,"name":"Acreditaciones"}]},{"@type":"WebSite","@id":"https:\/\/www.invesoil.com\/es\/#website","url":"https:\/\/www.invesoil.com\/es\/","name":"Invesol","description":"Consultores Medioambientales","publisher":{"@id":"https:\/\/www.invesoil.com\/es\/#organization"},"alternateName":"Consultores Medioambientales","potentialAction":[{"@type":"SearchAction","target":{"@type":"EntryPoint","urlTemplate":"https:\/\/www.invesoil.com\/es\/?s={search_term_string}"},"query-input":{"@type":"PropertyValueSpecification","valueRequired":true,"valueName":"search_term_string"}}],"inLanguage":"es"},{"@type":"Organization","@id":"https:\/\/www.invesoil.com\/es\/#organization","name":"Invesoil","url":"https:\/\/www.invesoil.com\/es\/","logo":{"@type":"ImageObject","inLanguage":"es","@id":"https:\/\/www.invesoil.com\/es\/#\/schema\/logo\/image\/","url":"https:\/\/www.invesoil.com\/wp-content\/uploads\/2023\/06\/logotipo-invesoil.png","contentUrl":"https:\/\/www.invesoil.com\/wp-content\/uploads\/2023\/06\/logotipo-invesoil.png","width":865,"height":307,"caption":"Invesoil"},"image":{"@id":"https:\/\/www.invesoil.com\/es\/#\/schema\/logo\/image\/"}}]}},"_links":{"self":[{"href":"https:\/\/www.invesoil.com\/es\/wp-json\/wp\/v2\/pages\/23","targetHints":{"allow":["GET"]}}],"collection":[{"href":"https:\/\/www.invesoil.com\/es\/wp-json\/wp\/v2\/pages"}],"about":[{"href":"https:\/\/www.invesoil.com\/es\/wp-json\/wp\/v2\/types\/page"}],"author":[{"embeddable":true,"href":"https:\/\/www.invesoil.com\/es\/wp-json\/wp\/v2\/users\/3"}],"replies":[{"embeddable":true,"href":"https:\/\/www.invesoil.com\/es\/wp-json\/wp\/v2\/comments?post=23"}],"version-history":[{"count":33,"href":"https:\/\/www.invesoil.com\/es\/wp-json\/wp\/v2\/pages\/23\/revisions"}],"predecessor-version":[{"id":2645,"href":"https:\/\/www.invesoil.com\/es\/wp-json\/wp\/v2\/pages\/23\/revisions\/2645"}],"wp:attachment":[{"href":"https:\/\/www.invesoil.com\/es\/wp-json\/wp\/v2\/media?parent=23"}],"curies":[{"name":"wp","href":"https:\/\/api.w.org\/{rel}","templated":true}]}}