{"id":89,"date":"2023-06-15T12:36:48","date_gmt":"2023-06-15T10:36:48","guid":{"rendered":"http:\/\/invesol.cluster027.hosting.ovh.net\/vj15267-ovh\/index.php\/contacte\/"},"modified":"2023-11-13T16:09:44","modified_gmt":"2023-11-13T15:09:44","slug":"contacte","status":"publish","type":"page","link":"https:\/\/www.invesoil.com\/ca\/contacte\/","title":{"rendered":"Contacte"},"content":{"rendered":"\t\t<div data-elementor-type=\"wp-page\" data-elementor-id=\"89\" class=\"elementor elementor-89 elementor-27\" data-elementor-post-type=\"page\">\n\t\t\t\t\t\t<section class=\"elementor-section elementor-top-section elementor-element elementor-element-8efb6d6 elementor-section-height-min-height elementor-section-items-top elementor-section-content-middle elementor-section-boxed elementor-section-height-default\" data-id=\"8efb6d6\" data-element_type=\"section\" data-settings=\"{&quot;background_background&quot;:&quot;classic&quot;,&quot;background_motion_fx_motion_fx_scrolling&quot;:&quot;yes&quot;,&quot;background_motion_fx_devices&quot;:[&quot;desktop&quot;,&quot;tablet&quot;,&quot;mobile&quot;]}\">\n\t\t\t\t\t\t<div class=\"elementor-container elementor-column-gap-no\">\n\t\t\t\t\t<div class=\"elementor-column elementor-col-100 elementor-top-column elementor-element elementor-element-6efc2c3\" data-id=\"6efc2c3\" data-element_type=\"column\">\n\t\t\t<div class=\"elementor-widget-wrap elementor-element-populated\">\n\t\t\t\t\t\t<div class=\"elementor-element elementor-element-0c1391b elementor-widget elementor-widget-heading\" data-id=\"0c1391b\" data-element_type=\"widget\" data-widget_type=\"heading.default\">\n\t\t\t\t<div class=\"elementor-widget-container\">\n\t\t\t\t\t<h1 class=\"elementor-heading-title elementor-size-default\">Contacte<\/h1>\t\t\t\t<\/div>\n\t\t\t\t<\/div>\n\t\t\t\t\t<\/div>\n\t\t<\/div>\n\t\t\t\t\t<\/div>\n\t\t<\/section>\n\t\t\t\t<section class=\"elementor-section elementor-top-section elementor-element elementor-element-9ea5f22 elementor-section-boxed elementor-section-height-default elementor-section-height-default\" data-id=\"9ea5f22\" data-element_type=\"section\" data-settings=\"{&quot;background_background&quot;:&quot;classic&quot;}\">\n\t\t\t\t\t\t<div class=\"elementor-container elementor-column-gap-default\">\n\t\t\t\t\t<div class=\"elementor-column elementor-col-66 elementor-top-column elementor-element elementor-element-457586e\" data-id=\"457586e\" data-element_type=\"column\">\n\t\t\t<div class=\"elementor-widget-wrap elementor-element-populated\">\n\t\t\t\t\t\t<div class=\"elementor-element elementor-element-0ec3288 elementor-widget elementor-widget-text-editor\" data-id=\"0ec3288\" data-element_type=\"widget\" data-widget_type=\"text-editor.default\">\n\t\t\t\t<div class=\"elementor-widget-container\">\n\t\t\t\t\t\t\t\t\t<p>Ens encantaria saber de tu. Est\u00e0s interessat a treballar amb nosaltres? Comenta&#8217;ns el teu projecte i ens posarem en contacte amb tu tan aviat com sigui possible.<\/p>\n<p>I si per contra, no ens hem ent\u00e8s i ens vols fer arribar un comentari o b\u00e9 una reclamaci\u00f3, pots tamb\u00e9 utilitzar aquest espai perqu\u00e8 parlem i puguem arribar a una soluci\u00f3.<\/p>\n\t\t\t\t\t\t\t\t<\/div>\n\t\t\t\t<\/div>\n\t\t\t\t\t<\/div>\n\t\t<\/div>\n\t\t\t\t<div class=\"elementor-column elementor-col-33 elementor-top-column elementor-element elementor-element-56c2987\" data-id=\"56c2987\" data-element_type=\"column\">\n\t\t\t<div class=\"elementor-widget-wrap elementor-element-populated\">\n\t\t\t\t\t\t<div class=\"elementor-element elementor-element-93a9d6b elementor-widget elementor-widget-image\" data-id=\"93a9d6b\" data-element_type=\"widget\" data-widget_type=\"image.default\">\n\t\t\t\t<div class=\"elementor-widget-container\">\n\t\t\t\t\t\t\t\t\t\t\t\t\t\t\t<img fetchpriority=\"high\" decoding=\"async\" width=\"300\" height=\"300\" src=\"https:\/\/www.invesoil.com\/wp-content\/uploads\/2023\/09\/invesoil-servicios-corazon-planta.png\" class=\"elementor-animation-grow attachment-full size-full wp-image-1281\" alt=\"\" srcset=\"https:\/\/www.invesoil.com\/wp-content\/uploads\/2023\/09\/invesoil-servicios-corazon-planta.png 300w, https:\/\/www.invesoil.com\/wp-content\/uploads\/2023\/09\/invesoil-servicios-corazon-planta-150x150.png 150w\" sizes=\"(max-width: 300px) 100vw, 300px\" \/>\t\t\t\t\t\t\t\t\t\t\t\t\t\t\t<\/div>\n\t\t\t\t<\/div>\n\t\t\t\t\t<\/div>\n\t\t<\/div>\n\t\t\t\t\t<\/div>\n\t\t<\/section>\n\t\t\t\t<section class=\"elementor-section elementor-top-section elementor-element elementor-element-4cbd41df elementor-section-boxed elementor-section-height-default elementor-section-height-default\" data-id=\"4cbd41df\" data-element_type=\"section\">\n\t\t\t\t\t\t<div class=\"elementor-container elementor-column-gap-default\">\n\t\t\t\t\t<div class=\"elementor-column elementor-col-100 elementor-top-column elementor-element elementor-element-497bde68\" data-id=\"497bde68\" data-element_type=\"column\">\n\t\t\t<div class=\"elementor-widget-wrap elementor-element-populated\">\n\t\t\t\t\t\t<div class=\"elementor-element elementor-element-599ce562 elementor-widget elementor-widget-heading\" data-id=\"599ce562\" data-element_type=\"widget\" data-widget_type=\"heading.default\">\n\t\t\t\t<div class=\"elementor-widget-container\">\n\t\t\t\t\t<h2 class=\"elementor-heading-title elementor-size-large\">Formulari de contacte<\/h2>\t\t\t\t<\/div>\n\t\t\t\t<\/div>\n\t\t\t\t<div class=\"elementor-element elementor-element-3664e7c8 elementor-button-align-center elementor-widget elementor-widget-form\" data-id=\"3664e7c8\" data-element_type=\"widget\" data-settings=\"{&quot;step_next_label&quot;:&quot;Seg\\u00fcent&quot;,&quot;step_previous_label&quot;:&quot;Anterior&quot;,&quot;button_width&quot;:&quot;100&quot;,&quot;step_type&quot;:&quot;number_text&quot;,&quot;step_icon_shape&quot;:&quot;circle&quot;}\" data-widget_type=\"form.default\">\n\t\t\t\t<div class=\"elementor-widget-container\">\n\t\t\t\t\t\t\t<form class=\"elementor-form\" method=\"post\" name=\"Formulari de contacte\">\n\t\t\t<input type=\"hidden\" name=\"post_id\" value=\"89\"\/>\n\t\t\t<input type=\"hidden\" name=\"form_id\" value=\"3664e7c8\"\/>\n\t\t\t<input type=\"hidden\" name=\"referer_title\" value=\"Invesoil\" \/>\n\n\t\t\t\n\t\t\t<div class=\"elementor-form-fields-wrapper elementor-labels-above\">\n\t\t\t\t\t\t\t\t<div class=\"elementor-field-type-text elementor-field-group elementor-column elementor-field-group-name elementor-col-100\">\n\t\t\t\t\t\t\t\t\t\t\t\t<label for=\"form-field-name\" class=\"elementor-field-label\">\n\t\t\t\t\t\t\t\tNom\t\t\t\t\t\t\t<\/label>\n\t\t\t\t\t\t\t\t\t\t\t\t\t\t<input size=\"1\" type=\"text\" name=\"form_fields[name]\" id=\"form-field-name\" class=\"elementor-field elementor-size-sm  elementor-field-textual\" placeholder=\"Nom\">\n\t\t\t\t\t\t\t\t\t\t\t<\/div>\n\t\t\t\t\t\t\t\t<div class=\"elementor-field-type-email elementor-field-group elementor-column elementor-field-group-email elementor-col-100 elementor-field-required\">\n\t\t\t\t\t\t\t\t\t\t\t\t<label for=\"form-field-email\" class=\"elementor-field-label\">\n\t\t\t\t\t\t\t\tCorreu electr\u00f2nic\t\t\t\t\t\t\t<\/label>\n\t\t\t\t\t\t\t\t\t\t\t\t\t\t<input size=\"1\" type=\"email\" name=\"form_fields[email]\" id=\"form-field-email\" class=\"elementor-field elementor-size-sm  elementor-field-textual\" placeholder=\"Correu electr\u00f2nic\" required=\"required\" aria-required=\"true\">\n\t\t\t\t\t\t\t\t\t\t\t<\/div>\n\t\t\t\t\t\t\t\t<div class=\"elementor-field-type-textarea elementor-field-group elementor-column elementor-field-group-message elementor-col-100\">\n\t\t\t\t\t\t\t\t\t\t\t\t<label for=\"form-field-message\" class=\"elementor-field-label\">\n\t\t\t\t\t\t\t\tMissatge\t\t\t\t\t\t\t<\/label>\n\t\t\t\t\t\t<textarea class=\"elementor-field-textual elementor-field  elementor-size-sm\" name=\"form_fields[message]\" id=\"form-field-message\" rows=\"4\" placeholder=\"Missatge\"><\/textarea>\t\t\t\t<\/div>\n\t\t\t\t\t\t\t\t<div class=\"elementor-field-type-recaptcha_v3 elementor-field-group elementor-column elementor-field-group-field_713facf elementor-col-100 recaptcha_v3-bottomright\">\n\t\t\t\t\t<div class=\"elementor-field\" id=\"form-field-field_713facf\"><div class=\"elementor-g-recaptcha\" data-sitekey=\"6LcQdgcpAAAAAFfUWYV_pQbP9VjJD25pi6MzKdoF\" data-type=\"v3\" data-action=\"Form\" data-badge=\"bottomright\" data-size=\"invisible\"><\/div><\/div>\t\t\t\t<\/div>\n\t\t\t\t\t\t\t\t<div class=\"elementor-field-group elementor-column elementor-field-type-submit elementor-col-100 e-form__buttons\">\n\t\t\t\t\t<button type=\"submit\" class=\"elementor-button elementor-size-md\">\n\t\t\t\t\t\t<span >\n\t\t\t\t\t\t\t\t\t\t\t\t\t\t\t<span class=\" elementor-button-icon\">\n\t\t\t\t\t\t\t\t\t\t\t\t\t\t\t\t\t\t\t\t\t\t\t\t\t\t<\/span>\n\t\t\t\t\t\t\t\t\t\t\t\t\t\t\t\t\t\t\t\t\t\t<span class=\"elementor-button-text\">Enviar<\/span>\n\t\t\t\t\t\t\t\t\t\t\t\t\t<\/span>\n\t\t\t\t\t<\/button>\n\t\t\t\t<\/div>\n\t\t\t<\/div>\n\t\t<\/form>\n\t\t\t\t\t\t<\/div>\n\t\t\t\t<\/div>\n\t\t\t\t\t<\/div>\n\t\t<\/div>\n\t\t\t\t\t<\/div>\n\t\t<\/section>\n\t\t\t\t<section class=\"elementor-section elementor-top-section elementor-element elementor-element-4e355ee elementor-section-boxed elementor-section-height-default elementor-section-height-default\" data-id=\"4e355ee\" data-element_type=\"section\">\n\t\t\t\t\t\t<div class=\"elementor-container elementor-column-gap-wide\">\n\t\t\t\t\t<div class=\"elementor-column elementor-col-33 elementor-top-column elementor-element elementor-element-7b31edc\" data-id=\"7b31edc\" data-element_type=\"column\" data-settings=\"{&quot;background_background&quot;:&quot;classic&quot;}\">\n\t\t\t<div class=\"elementor-widget-wrap elementor-element-populated\">\n\t\t\t\t\t\t<div class=\"elementor-element elementor-element-7d4e073 elementor-view-default elementor-widget elementor-widget-icon\" data-id=\"7d4e073\" data-element_type=\"widget\" data-widget_type=\"icon.default\">\n\t\t\t\t<div class=\"elementor-widget-container\">\n\t\t\t\t\t\t\t<div class=\"elementor-icon-wrapper\">\n\t\t\t<div class=\"elementor-icon\">\n\t\t\t<i aria-hidden=\"true\" class=\"fas fa-map-marker-alt\"><\/i>\t\t\t<\/div>\n\t\t<\/div>\n\t\t\t\t\t\t<\/div>\n\t\t\t\t<\/div>\n\t\t\t\t<div class=\"elementor-element elementor-element-d862c8b elementor-widget elementor-widget-heading\" data-id=\"d862c8b\" data-element_type=\"widget\" data-widget_type=\"heading.default\">\n\t\t\t\t<div class=\"elementor-widget-container\">\n\t\t\t\t\t<h2 class=\"elementor-heading-title elementor-size-default\">Les nostres oficines<\/h2>\t\t\t\t<\/div>\n\t\t\t\t<\/div>\n\t\t\t\t<div class=\"elementor-element elementor-element-bd9ef73 elementor-widget elementor-widget-text-editor\" data-id=\"bd9ef73\" data-element_type=\"widget\" data-widget_type=\"text-editor.default\">\n\t\t\t\t<div class=\"elementor-widget-container\">\n\t\t\t\t\t\t\t\t\t<p><strong>Barcelona<\/strong><\/p>\n<p>c\/ Dr.Trueta 183, Bl.G2, Planta 4a Porta 10<\/p>\n<p>Codi Postal 08005<\/p>\t\t\t\t\t\t\t\t<\/div>\n\t\t\t\t<\/div>\n\t\t\t\t<div class=\"elementor-element elementor-element-6034192 elementor-widget elementor-widget-text-editor\" data-id=\"6034192\" data-element_type=\"widget\" data-widget_type=\"text-editor.default\">\n\t\t\t\t<div class=\"elementor-widget-container\">\n\t\t\t\t\t\t\t\t\t<p><strong>Burgos<\/strong><\/p>\n<p>Av. Calleja y Zurita 14<\/p>\n<p>Codi Postal 09001<\/p>\t\t\t\t\t\t\t\t<\/div>\n\t\t\t\t<\/div>\n\t\t\t\t\t<\/div>\n\t\t<\/div>\n\t\t\t\t<div class=\"elementor-column elementor-col-33 elementor-top-column elementor-element elementor-element-cff0a49\" data-id=\"cff0a49\" data-element_type=\"column\" data-settings=\"{&quot;background_background&quot;:&quot;classic&quot;}\">\n\t\t\t<div class=\"elementor-widget-wrap\">\n\t\t\t\t\t\t\t<\/div>\n\t\t<\/div>\n\t\t\t\t<div class=\"elementor-column elementor-col-33 elementor-top-column elementor-element elementor-element-06a6e3a\" data-id=\"06a6e3a\" data-element_type=\"column\" data-settings=\"{&quot;background_background&quot;:&quot;classic&quot;}\">\n\t\t\t<div class=\"elementor-widget-wrap elementor-element-populated\">\n\t\t\t\t\t\t<div class=\"elementor-element elementor-element-441dd5b elementor-view-default elementor-widget elementor-widget-icon\" data-id=\"441dd5b\" data-element_type=\"widget\" data-widget_type=\"icon.default\">\n\t\t\t\t<div class=\"elementor-widget-container\">\n\t\t\t\t\t\t\t<div class=\"elementor-icon-wrapper\">\n\t\t\t<div class=\"elementor-icon\">\n\t\t\t<i aria-hidden=\"true\" class=\"fas fa-phone-alt\"><\/i>\t\t\t<\/div>\n\t\t<\/div>\n\t\t\t\t\t\t<\/div>\n\t\t\t\t<\/div>\n\t\t\t\t<div class=\"elementor-element elementor-element-33837ce elementor-widget elementor-widget-heading\" data-id=\"33837ce\" data-element_type=\"widget\" data-widget_type=\"heading.default\">\n\t\t\t\t<div class=\"elementor-widget-container\">\n\t\t\t\t\t<h2 class=\"elementor-heading-title elementor-size-default\">Tel\u00e8fon de contacte<\/h2>\t\t\t\t<\/div>\n\t\t\t\t<\/div>\n\t\t\t\t<div class=\"elementor-element elementor-element-634b2a2 elementor-widget elementor-widget-text-editor\" data-id=\"634b2a2\" data-element_type=\"widget\" data-widget_type=\"text-editor.default\">\n\t\t\t\t<div class=\"elementor-widget-container\">\n\t\t\t\t\t\t\t\t\t<p>(+34) 663 14 01 03<\/p>\n\t\t\t\t\t\t\t\t<\/div>\n\t\t\t\t<\/div>\n\t\t\t\t<div class=\"elementor-element elementor-element-66645f2 elementor-view-default elementor-widget elementor-widget-icon\" data-id=\"66645f2\" data-element_type=\"widget\" data-widget_type=\"icon.default\">\n\t\t\t\t<div class=\"elementor-widget-container\">\n\t\t\t\t\t\t\t<div class=\"elementor-icon-wrapper\">\n\t\t\t<a class=\"elementor-icon elementor-animation-grow\" href=\"https:\/\/es.linkedin.com\/company\/invesoil-consultores-medioambientales-s-l-\">\n\t\t\t<i aria-hidden=\"true\" class=\"fab fa-linkedin\"><\/i>\t\t\t<\/a>\n\t\t<\/div>\n\t\t\t\t\t\t<\/div>\n\t\t\t\t<\/div>\n\t\t\t\t<div class=\"elementor-element elementor-element-4b2e2ad elementor-widget elementor-widget-heading\" data-id=\"4b2e2ad\" data-element_type=\"widget\" data-widget_type=\"heading.default\">\n\t\t\t\t<div class=\"elementor-widget-container\">\n\t\t\t\t\t<h2 class=\"elementor-heading-title elementor-size-default\">LinkedIn<\/h2>\t\t\t\t<\/div>\n\t\t\t\t<\/div>\n\t\t\t\t\t<\/div>\n\t\t<\/div>\n\t\t\t\t\t<\/div>\n\t\t<\/section>\n\t\t\t\t<section class=\"elementor-section elementor-top-section elementor-element elementor-element-351d7dc elementor-section-boxed elementor-section-height-default elementor-section-height-default\" data-id=\"351d7dc\" data-element_type=\"section\" data-settings=\"{&quot;background_background&quot;:&quot;gradient&quot;}\">\n\t\t\t\t\t\t<div class=\"elementor-container elementor-column-gap-default\">\n\t\t\t\t\t<div class=\"elementor-column elementor-col-100 elementor-top-column elementor-element elementor-element-38d0dba\" data-id=\"38d0dba\" data-element_type=\"column\">\n\t\t\t<div class=\"elementor-widget-wrap elementor-element-populated\">\n\t\t\t\t\t\t<div class=\"elementor-element elementor-element-f11407f elementor-widget elementor-widget-spacer\" data-id=\"f11407f\" data-element_type=\"widget\" data-widget_type=\"spacer.default\">\n\t\t\t\t<div class=\"elementor-widget-container\">\n\t\t\t\t\t\t\t<div class=\"elementor-spacer\">\n\t\t\t<div class=\"elementor-spacer-inner\"><\/div>\n\t\t<\/div>\n\t\t\t\t\t\t<\/div>\n\t\t\t\t<\/div>\n\t\t\t\t\t<\/div>\n\t\t<\/div>\n\t\t\t\t\t<\/div>\n\t\t<\/section>\n\t\t\t\t<\/div>\n\t\t","protected":false},"excerpt":{"rendered":"<p>Contacte Ens encantaria saber de tu. Est\u00e0s interessat a treballar amb nosaltres? Comenta&#8217;ns el teu projecte i ens posarem en contacte amb tu tan aviat com sigui possible. I si per contra, no ens hem ent\u00e8s i ens vols fer arribar un comentari o b\u00e9 una reclamaci\u00f3, pots tamb\u00e9 utilitzar aquest espai perqu\u00e8 parlem i [&hellip;]<\/p>\n","protected":false},"author":3,"featured_media":0,"parent":0,"menu_order":0,"comment_status":"closed","ping_status":"closed","template":"elementor_header_footer","meta":{"footnotes":""},"class_list":["post-89","page","type-page","status-publish","hentry"],"yoast_head":"<!-- This site is optimized with the Yoast SEO plugin v26.7 - https:\/\/yoast.com\/wordpress\/plugins\/seo\/ -->\n<title>Contacte - Invesoil<\/title>\n<meta name=\"robots\" content=\"index, follow, max-snippet:-1, max-image-preview:large, max-video-preview:-1\" \/>\n<link rel=\"canonical\" href=\"https:\/\/www.invesoil.com\/ca\/contacte\/\" \/>\n<meta property=\"og:locale\" content=\"ca_ES\" \/>\n<meta property=\"og:type\" content=\"article\" \/>\n<meta property=\"og:title\" content=\"Contacte - Invesoil\" \/>\n<meta property=\"og:description\" content=\"Contacte Ens encantaria saber de tu. Est\u00e0s interessat a treballar amb nosaltres? Comenta&#8217;ns el teu projecte i ens posarem en contacte amb tu tan aviat com sigui possible. I si per contra, no ens hem ent\u00e8s i ens vols fer arribar un comentari o b\u00e9 una reclamaci\u00f3, pots tamb\u00e9 utilitzar aquest espai perqu\u00e8 parlem i [&hellip;]\" \/>\n<meta property=\"og:url\" content=\"https:\/\/www.invesoil.com\/ca\/contacte\/\" \/>\n<meta property=\"og:site_name\" content=\"Invesoil\" \/>\n<meta property=\"article:modified_time\" content=\"2023-11-13T15:09:44+00:00\" \/>\n<meta property=\"og:image\" content=\"https:\/\/www.invesoil.com\/wp-content\/uploads\/2023\/09\/invesoil-servicios-corazon-planta.png\" \/>\n<meta name=\"twitter:card\" content=\"summary_large_image\" \/>\n<script type=\"application\/ld+json\" class=\"yoast-schema-graph\">{\"@context\":\"https:\/\/schema.org\",\"@graph\":[{\"@type\":\"WebPage\",\"@id\":\"https:\/\/www.invesoil.com\/ca\/contacte\/\",\"url\":\"https:\/\/www.invesoil.com\/ca\/contacte\/\",\"name\":\"Contacte - Invesoil\",\"isPartOf\":{\"@id\":\"https:\/\/www.invesoil.com\/ca\/#website\"},\"primaryImageOfPage\":{\"@id\":\"https:\/\/www.invesoil.com\/ca\/contacte\/#primaryimage\"},\"image\":{\"@id\":\"https:\/\/www.invesoil.com\/ca\/contacte\/#primaryimage\"},\"thumbnailUrl\":\"https:\/\/www.invesoil.com\/wp-content\/uploads\/2023\/09\/invesoil-servicios-corazon-planta.png\",\"datePublished\":\"2023-06-15T10:36:48+00:00\",\"dateModified\":\"2023-11-13T15:09:44+00:00\",\"breadcrumb\":{\"@id\":\"https:\/\/www.invesoil.com\/ca\/contacte\/#breadcrumb\"},\"inLanguage\":\"ca\",\"potentialAction\":[{\"@type\":\"ReadAction\",\"target\":[\"https:\/\/www.invesoil.com\/ca\/contacte\/\"]}]},{\"@type\":\"ImageObject\",\"inLanguage\":\"ca\",\"@id\":\"https:\/\/www.invesoil.com\/ca\/contacte\/#primaryimage\",\"url\":\"https:\/\/www.invesoil.com\/wp-content\/uploads\/2023\/09\/invesoil-servicios-corazon-planta.png\",\"contentUrl\":\"https:\/\/www.invesoil.com\/wp-content\/uploads\/2023\/09\/invesoil-servicios-corazon-planta.png\"},{\"@type\":\"BreadcrumbList\",\"@id\":\"https:\/\/www.invesoil.com\/ca\/contacte\/#breadcrumb\",\"itemListElement\":[{\"@type\":\"ListItem\",\"position\":1,\"name\":\"Portada\",\"item\":\"https:\/\/www.invesoil.com\/ca\/inici\/\"},{\"@type\":\"ListItem\",\"position\":2,\"name\":\"Contacte\"}]},{\"@type\":\"WebSite\",\"@id\":\"https:\/\/www.invesoil.com\/ca\/#website\",\"url\":\"https:\/\/www.invesoil.com\/ca\/\",\"name\":\"Invesol\",\"description\":\"Consultores Medioambientales\",\"publisher\":{\"@id\":\"https:\/\/www.invesoil.com\/ca\/#organization\"},\"alternateName\":\"Consultores Medioambientales\",\"potentialAction\":[{\"@type\":\"SearchAction\",\"target\":{\"@type\":\"EntryPoint\",\"urlTemplate\":\"https:\/\/www.invesoil.com\/ca\/?s={search_term_string}\"},\"query-input\":{\"@type\":\"PropertyValueSpecification\",\"valueRequired\":true,\"valueName\":\"search_term_string\"}}],\"inLanguage\":\"ca\"},{\"@type\":\"Organization\",\"@id\":\"https:\/\/www.invesoil.com\/ca\/#organization\",\"name\":\"Invesoil\",\"url\":\"https:\/\/www.invesoil.com\/ca\/\",\"logo\":{\"@type\":\"ImageObject\",\"inLanguage\":\"ca\",\"@id\":\"https:\/\/www.invesoil.com\/ca\/#\/schema\/logo\/image\/\",\"url\":\"https:\/\/www.invesoil.com\/wp-content\/uploads\/2023\/06\/logotipo-invesoil.png\",\"contentUrl\":\"https:\/\/www.invesoil.com\/wp-content\/uploads\/2023\/06\/logotipo-invesoil.png\",\"width\":865,\"height\":307,\"caption\":\"Invesoil\"},\"image\":{\"@id\":\"https:\/\/www.invesoil.com\/ca\/#\/schema\/logo\/image\/\"}}]}<\/script>\n<!-- \/ Yoast SEO plugin. -->","yoast_head_json":{"title":"Contacte - Invesoil","robots":{"index":"index","follow":"follow","max-snippet":"max-snippet:-1","max-image-preview":"max-image-preview:large","max-video-preview":"max-video-preview:-1"},"canonical":"https:\/\/www.invesoil.com\/ca\/contacte\/","og_locale":"ca_ES","og_type":"article","og_title":"Contacte - Invesoil","og_description":"Contacte Ens encantaria saber de tu. Est\u00e0s interessat a treballar amb nosaltres? Comenta&#8217;ns el teu projecte i ens posarem en contacte amb tu tan aviat com sigui possible. I si per contra, no ens hem ent\u00e8s i ens vols fer arribar un comentari o b\u00e9 una reclamaci\u00f3, pots tamb\u00e9 utilitzar aquest espai perqu\u00e8 parlem i [&hellip;]","og_url":"https:\/\/www.invesoil.com\/ca\/contacte\/","og_site_name":"Invesoil","article_modified_time":"2023-11-13T15:09:44+00:00","og_image":[{"url":"https:\/\/www.invesoil.com\/wp-content\/uploads\/2023\/09\/invesoil-servicios-corazon-planta.png","type":"","width":"","height":""}],"twitter_card":"summary_large_image","schema":{"@context":"https:\/\/schema.org","@graph":[{"@type":"WebPage","@id":"https:\/\/www.invesoil.com\/ca\/contacte\/","url":"https:\/\/www.invesoil.com\/ca\/contacte\/","name":"Contacte - Invesoil","isPartOf":{"@id":"https:\/\/www.invesoil.com\/ca\/#website"},"primaryImageOfPage":{"@id":"https:\/\/www.invesoil.com\/ca\/contacte\/#primaryimage"},"image":{"@id":"https:\/\/www.invesoil.com\/ca\/contacte\/#primaryimage"},"thumbnailUrl":"https:\/\/www.invesoil.com\/wp-content\/uploads\/2023\/09\/invesoil-servicios-corazon-planta.png","datePublished":"2023-06-15T10:36:48+00:00","dateModified":"2023-11-13T15:09:44+00:00","breadcrumb":{"@id":"https:\/\/www.invesoil.com\/ca\/contacte\/#breadcrumb"},"inLanguage":"ca","potentialAction":[{"@type":"ReadAction","target":["https:\/\/www.invesoil.com\/ca\/contacte\/"]}]},{"@type":"ImageObject","inLanguage":"ca","@id":"https:\/\/www.invesoil.com\/ca\/contacte\/#primaryimage","url":"https:\/\/www.invesoil.com\/wp-content\/uploads\/2023\/09\/invesoil-servicios-corazon-planta.png","contentUrl":"https:\/\/www.invesoil.com\/wp-content\/uploads\/2023\/09\/invesoil-servicios-corazon-planta.png"},{"@type":"BreadcrumbList","@id":"https:\/\/www.invesoil.com\/ca\/contacte\/#breadcrumb","itemListElement":[{"@type":"ListItem","position":1,"name":"Portada","item":"https:\/\/www.invesoil.com\/ca\/inici\/"},{"@type":"ListItem","position":2,"name":"Contacte"}]},{"@type":"WebSite","@id":"https:\/\/www.invesoil.com\/ca\/#website","url":"https:\/\/www.invesoil.com\/ca\/","name":"Invesol","description":"Consultores Medioambientales","publisher":{"@id":"https:\/\/www.invesoil.com\/ca\/#organization"},"alternateName":"Consultores Medioambientales","potentialAction":[{"@type":"SearchAction","target":{"@type":"EntryPoint","urlTemplate":"https:\/\/www.invesoil.com\/ca\/?s={search_term_string}"},"query-input":{"@type":"PropertyValueSpecification","valueRequired":true,"valueName":"search_term_string"}}],"inLanguage":"ca"},{"@type":"Organization","@id":"https:\/\/www.invesoil.com\/ca\/#organization","name":"Invesoil","url":"https:\/\/www.invesoil.com\/ca\/","logo":{"@type":"ImageObject","inLanguage":"ca","@id":"https:\/\/www.invesoil.com\/ca\/#\/schema\/logo\/image\/","url":"https:\/\/www.invesoil.com\/wp-content\/uploads\/2023\/06\/logotipo-invesoil.png","contentUrl":"https:\/\/www.invesoil.com\/wp-content\/uploads\/2023\/06\/logotipo-invesoil.png","width":865,"height":307,"caption":"Invesoil"},"image":{"@id":"https:\/\/www.invesoil.com\/ca\/#\/schema\/logo\/image\/"}}]}},"_links":{"self":[{"href":"https:\/\/www.invesoil.com\/ca\/wp-json\/wp\/v2\/pages\/89","targetHints":{"allow":["GET"]}}],"collection":[{"href":"https:\/\/www.invesoil.com\/ca\/wp-json\/wp\/v2\/pages"}],"about":[{"href":"https:\/\/www.invesoil.com\/ca\/wp-json\/wp\/v2\/types\/page"}],"author":[{"embeddable":true,"href":"https:\/\/www.invesoil.com\/ca\/wp-json\/wp\/v2\/users\/3"}],"replies":[{"embeddable":true,"href":"https:\/\/www.invesoil.com\/ca\/wp-json\/wp\/v2\/comments?post=89"}],"version-history":[{"count":3,"href":"https:\/\/www.invesoil.com\/ca\/wp-json\/wp\/v2\/pages\/89\/revisions"}],"predecessor-version":[{"id":2185,"href":"https:\/\/www.invesoil.com\/ca\/wp-json\/wp\/v2\/pages\/89\/revisions\/2185"}],"wp:attachment":[{"href":"https:\/\/www.invesoil.com\/ca\/wp-json\/wp\/v2\/media?parent=89"}],"curies":[{"name":"wp","href":"https:\/\/api.w.org\/{rel}","templated":true}]}}