{"id":114,"date":"2023-06-15T12:38:05","date_gmt":"2023-06-15T10:38:05","guid":{"rendered":"http:\/\/invesol.cluster027.hosting.ovh.net\/vj15267-ovh\/index.php\/politica-de-privacitat\/"},"modified":"2024-02-11T23:34:02","modified_gmt":"2024-02-11T22:34:02","slug":"politica-de-privacitat","status":"publish","type":"page","link":"https:\/\/www.invesoil.com\/ca\/politica-de-privacitat\/","title":{"rendered":"Pol\u00edtica de privacitat"},"content":{"rendered":"\t\t<div data-elementor-type=\"wp-page\" data-elementor-id=\"114\" class=\"elementor elementor-114 elementor-33\" data-elementor-post-type=\"page\">\n\t\t\t\t\t\t<section class=\"elementor-section elementor-top-section elementor-element elementor-element-e1ef8ea elementor-section-boxed elementor-section-height-default elementor-section-height-default\" data-id=\"e1ef8ea\" data-element_type=\"section\">\n\t\t\t\t\t\t<div class=\"elementor-container elementor-column-gap-default\">\n\t\t\t\t\t<div class=\"elementor-column elementor-col-100 elementor-top-column elementor-element elementor-element-d607470\" data-id=\"d607470\" data-element_type=\"column\">\n\t\t\t<div class=\"elementor-widget-wrap elementor-element-populated\">\n\t\t\t\t\t\t<div class=\"elementor-element elementor-element-604caaa elementor-widget elementor-widget-heading\" data-id=\"604caaa\" data-element_type=\"widget\" data-widget_type=\"heading.default\">\n\t\t\t\t<div class=\"elementor-widget-container\">\n\t\t\t\t\t<h1 class=\"elementor-heading-title elementor-size-default\">Pol\u00edtica de privacitat<\/h1>\t\t\t\t<\/div>\n\t\t\t\t<\/div>\n\t\t\t\t\t<\/div>\n\t\t<\/div>\n\t\t\t\t\t<\/div>\n\t\t<\/section>\n\t\t\t\t<section class=\"elementor-section elementor-top-section elementor-element elementor-element-bb5ede8 elementor-section-boxed elementor-section-height-default elementor-section-height-default\" data-id=\"bb5ede8\" data-element_type=\"section\">\n\t\t\t\t\t\t<div class=\"elementor-container elementor-column-gap-default\">\n\t\t\t\t\t<div class=\"elementor-column elementor-col-100 elementor-top-column elementor-element elementor-element-6d2e3c2\" data-id=\"6d2e3c2\" data-element_type=\"column\">\n\t\t\t<div class=\"elementor-widget-wrap elementor-element-populated\">\n\t\t\t\t\t\t<div class=\"elementor-element elementor-element-3191155 elementor-widget elementor-widget-text-editor\" data-id=\"3191155\" data-element_type=\"widget\" data-widget_type=\"text-editor.default\">\n\t\t\t\t<div class=\"elementor-widget-container\">\n\t\t\t\t\t\t\t\t\t<h4>PROTECCI\u00d3 DE DADES<\/h4>\n<p>En compliment amb la Llei Org\u00e0nica 15\/1999 de 13 de desembre de Protecci\u00f3 de Dades de Car\u00e0cter Personal i el seu Reglament de desenvolupament el Reial Decret 1720\/2007, INVESOIL garanteix la confidencialitat de totes les dades personals facilitades.<\/p>\n<p>En compliment amb el que estableix aquesta norma, INVESOIL us informa que, tota la informaci\u00f3 subministrada per l&#8217;Usuari a trav\u00e9s dels formularis habilitats a aquest efecte, aix\u00ed com la rebuda mitjan\u00e7ant correu electr\u00f2nic, ser\u00e0 inclosa en fitxers automatitzats per al seu tractament inform\u00e0tic degudament inscrits a el RGPD La finalitat dels fitxers \u00e9s gestionar les peticions formulades i contestar-les aix\u00ed com informar-lo dels nostres productes, serveis i activitats pr\u00f2pies del nostre objecte social, podent conservar les seves dades una vegada finalitzada tota la relaci\u00f3 amb l&#8217;Usuari per a les finalitats exposades o compliment d&#8217;obligacions legals, per\u00f2 mai cedirem les vostres dades a tercers.<\/p>\n<p>Aquestes dades s\u00f3n confidencials i nom\u00e9s poden tenir acc\u00e9s les persones degudament autoritzades. Els drets d&#8217;acc\u00e9s, rectificaci\u00f3 i, si escau, cancel\u00b7laci\u00f3 es poden exercitar al mail: invesoil@invesoil.com.<\/p>\n<\/p>\n<h4>PROPIETAT INTEL\u00b7LECTUAL I INDUSTRIAL<\/h4>\n<p>INVESOIL \u00e9s titular de tots els drets de propietat intel\u00b7lectual i industrial de la seva p\u00e0gina web, aix\u00ed com dels elements continguts a la mateixa: imatges, so, \u00e0udio, v\u00eddeo, programari o textos; marques o logotips, combinacions de colors, estructura i disseny, selecci\u00f3 de materials usats, programes d&#8217;ordinador necessaris per al seu funcionament, acc\u00e9s i \u00fas, etc.<\/p>\n<p>En virtut del que disposen els articles 8 i 32.1, par\u00e0graf segon, de la Llei de propietat intel\u00b7lectual, queden expressament prohibides la reproducci\u00f3, la distribuci\u00f3 i la comunicaci\u00f3 p\u00fablica, inclosa la seva modalitat de posada a disposici\u00f3, de la totalitat o part dels continguts d&#8217;aquesta p\u00e0gina web, amb finalitats comercials, a qualsevol suport i per qualsevol mitj\u00e0 t\u00e8cnic, sense l&#8217;autoritzaci\u00f3 d&#8217;INVESOIL.<\/p>\n<p>L&#8217;usuari es compromet a respectar els drets de propietat intel\u00b7lectual i industrial titularitat d&#8217;INVESOIL. Podreu visualitzar els elements del portal i fins i tot imprimir-los, copiar-los i emmagatzemar-los al disc dur del vostre ordinador o en qualsevol altre suport f\u00edsic sempre que sigui, \u00fanica i exclusivament, per al seu \u00fas personal i privat. Qualsevol altre \u00fas o explotaci\u00f3 de qualsevol dret estar\u00e0 subjecte a la pr\u00e8via i expressa autoritzaci\u00f3 escrita espec\u00edficament atorgada a aquest efecte per INVESOIL. Les sol\u00b7licituds a aquests efectes podran remetre&#8217;s a INVESOIL CONSULTORES MEDIAMBIENTALS SL, c\/ Concepci\u00f3 Arenal, 165 Barcelona 08027.<\/p>\n<p>Per exercir el dret de cita, cal seguir les condicions seg\u00fcents:<\/p>\n<ul>\n<li>No desnaturalitzar el sentit de la informaci\u00f3.<\/li>\n<li>Citar sempre INVESOIL com a font de la informaci\u00f3.<\/li>\n<li>Esmentar la data de la darrera actualitzaci\u00f3 de la informaci\u00f3.<\/li>\n<li>Tot \u00fas no autoritzat del Lloc Web donar\u00e0 dret a INVESOIL per exercitar les accions que corresponguin en virtut de la legislaci\u00f3 aplicable.<\/li>\n<\/ul>\n<h4>EXCLUSI\u00d3 DE GARANTIES I RESPONSABILITAT<\/h4>\n<p>INVESOIL no es fa responsable, en cap cas, dels danys i perjudicis de qualsevol naturalesa que poguessin ocasionar, a t\u00edtol enunciatiu: errors o omissions en els continguts, manca de disponibilitat del portal o la transmissi\u00f3 de virus o programes maliciosos o lesius als continguts, malgrat haver adoptat totes les mesures tecnol\u00f2giques necess\u00e0ries per evitar-ho. Els continguts proporcionats a trav\u00e9s d&#8217;aquesta p\u00e0gina web tenen car\u00e0cter merament informatiu, per la qual cosa l&#8217;\u00fas que en pugui fer l&#8217;usuari i les conseq\u00fc\u00e8ncies eventuals, danys o perjudicis que se&#8217;n poguessin derivar, s\u00f3n de la responsabilitat exclusiva de l&#8217;usuari.<\/p>\n<p>INVESOIL es reserva el dret a emprendre les accions legals que estimi oportunes contres les persones que utilitzin el Lloc Web de manera diferent de l&#8217;estipulada o que pogu\u00e9s fer malb\u00e9 la imatge d&#8217;INVESOIL o de tercers ia exigir-los una indemnitzaci\u00f3 pels danys i perjudicis que se&#8217;n derivin de reclamacions, accions o demandes de tercers (incloent-hi sense limitaci\u00f3 honoraris d&#8217;advocats) com a conseq\u00fc\u00e8ncia de les accions anteriors o altres que es puguin produir.<\/p>\n<\/p>\n<h4>MODIFICACIONS<\/h4>\n<p>INVESOIL es reserva el dret, sense av\u00eds previ a l&#8217;Usuari, de modificar, actualitzar o eliminar la informaci\u00f3 i\/o les condicions d&#8217;utilitzaci\u00f3 d&#8217;aquest Lloc Web. Aix\u00ed mateix, es reserva el dret de suspendre, interrompre o deixar d&#8217;operar aquest Lloc Web en qualsevol moment.<\/p>\n<\/p>\n<h4>ENLLA\u00c7OS<\/h4>\n<p>En cas que al Lloc Web es disposessin enlla\u00e7os o hipervincles cap a altres llocs d&#8217;Internet, INVESOIL no exercir\u00e0 cap tipus de control sobre aquests llocs i continguts. En cap cas INVESOIL assumir\u00e0 cap responsabilitat pels continguts d&#8217;algun enlla\u00e7 pertanyent a un lloc web ali\u00e8, ni garantir\u00e0 la disponibilitat t\u00e8cnica, qualitat, fiabilitat, exactitud, amplitud, veracitat, validesa i constitucionalitat de qualsevol material o informaci\u00f3 continguda en cap d&#8217;aquests hipervincles o altres llocs dInternet. Igualment, la inclusi\u00f3 d&#8217;aquestes connexions externes no implicar\u00e0 cap tipus d&#8217;associaci\u00f3, fusi\u00f3 o participaci\u00f3 amb les entitats connectades.<\/p>\n<p>En cas que qualsevol empresa o particular vulguin establir enlla\u00e7os amb destinaci\u00f3 al Lloc Web hauran de respectar les estipulacions seg\u00fcents. L&#8217;enlla\u00e7 nom\u00e9s es podr\u00e0 dirigir a la p\u00e0gina principal del Lloc Web, i abastar tota l&#8217;extensi\u00f3 de la pantalla de la p\u00e0gina principal, no podent incloure aquest enlla\u00e7 com a part d&#8217;una altra Web o dins d&#8217;un dels seus &#8220;frames&#8221; o crear un &#8221; browser&#8221; sobre qualsevol p\u00e0gina del Lloc Web. INVESOIL exclou expressament que es puguin fer enlla\u00e7os des d&#8217;aquelles p\u00e0gines web que continguin materials, informaci\u00f3 o continguts il\u00b7l\u00edcits, il\u00b7legals, degradants, obscens, i en general, que contravinguin la moral, l&#8217;ordre p\u00fablic o les normes socials generalment acceptades.<\/p>\n\t\t\t\t\t\t\t\t<\/div>\n\t\t\t\t<\/div>\n\t\t\t\t\t<\/div>\n\t\t<\/div>\n\t\t\t\t\t<\/div>\n\t\t<\/section>\n\t\t\t\t<\/div>\n\t\t","protected":false},"excerpt":{"rendered":"<p>Pol\u00edtica de privacitat PROTECCI\u00d3 DE DADES En compliment amb la Llei Org\u00e0nica 15\/1999 de 13 de desembre de Protecci\u00f3 de Dades de Car\u00e0cter Personal i el seu Reglament de desenvolupament el Reial Decret 1720\/2007, INVESOIL garanteix la confidencialitat de totes les dades personals facilitades. En compliment amb el que estableix aquesta norma, INVESOIL us informa [&hellip;]<\/p>\n","protected":false},"author":3,"featured_media":0,"parent":0,"menu_order":0,"comment_status":"closed","ping_status":"closed","template":"elementor_header_footer","meta":{"footnotes":""},"class_list":["post-114","page","type-page","status-publish","hentry"],"yoast_head":"<!-- This site is optimized with the Yoast SEO plugin v26.7 - https:\/\/yoast.com\/wordpress\/plugins\/seo\/ -->\n<title>Pol\u00edtica de privacitat - Invesoil<\/title>\n<meta name=\"robots\" content=\"index, follow, max-snippet:-1, max-image-preview:large, max-video-preview:-1\" \/>\n<link rel=\"canonical\" href=\"https:\/\/www.invesoil.com\/ca\/politica-de-privacitat\/\" \/>\n<meta property=\"og:locale\" content=\"ca_ES\" \/>\n<meta property=\"og:type\" content=\"article\" \/>\n<meta property=\"og:title\" content=\"Pol\u00edtica de privacitat - Invesoil\" \/>\n<meta property=\"og:description\" content=\"Pol\u00edtica de privacitat PROTECCI\u00d3 DE DADES En compliment amb la Llei Org\u00e0nica 15\/1999 de 13 de desembre de Protecci\u00f3 de Dades de Car\u00e0cter Personal i el seu Reglament de desenvolupament el Reial Decret 1720\/2007, INVESOIL garanteix la confidencialitat de totes les dades personals facilitades. En compliment amb el que estableix aquesta norma, INVESOIL us informa [&hellip;]\" \/>\n<meta property=\"og:url\" content=\"https:\/\/www.invesoil.com\/ca\/politica-de-privacitat\/\" \/>\n<meta property=\"og:site_name\" content=\"Invesoil\" \/>\n<meta property=\"article:modified_time\" content=\"2024-02-11T22:34:02+00:00\" \/>\n<meta name=\"twitter:card\" content=\"summary_large_image\" \/>\n<meta name=\"twitter:label1\" content=\"Temps estimat de lectura\" \/>\n\t<meta name=\"twitter:data1\" content=\"5 minuts\" \/>\n<script type=\"application\/ld+json\" class=\"yoast-schema-graph\">{\"@context\":\"https:\/\/schema.org\",\"@graph\":[{\"@type\":\"WebPage\",\"@id\":\"https:\/\/www.invesoil.com\/ca\/politica-de-privacitat\/\",\"url\":\"https:\/\/www.invesoil.com\/ca\/politica-de-privacitat\/\",\"name\":\"Pol\u00edtica de privacitat - Invesoil\",\"isPartOf\":{\"@id\":\"https:\/\/www.invesoil.com\/ca\/#website\"},\"datePublished\":\"2023-06-15T10:38:05+00:00\",\"dateModified\":\"2024-02-11T22:34:02+00:00\",\"breadcrumb\":{\"@id\":\"https:\/\/www.invesoil.com\/ca\/politica-de-privacitat\/#breadcrumb\"},\"inLanguage\":\"ca\",\"potentialAction\":[{\"@type\":\"ReadAction\",\"target\":[\"https:\/\/www.invesoil.com\/ca\/politica-de-privacitat\/\"]}]},{\"@type\":\"BreadcrumbList\",\"@id\":\"https:\/\/www.invesoil.com\/ca\/politica-de-privacitat\/#breadcrumb\",\"itemListElement\":[{\"@type\":\"ListItem\",\"position\":1,\"name\":\"Portada\",\"item\":\"https:\/\/www.invesoil.com\/ca\/inici\/\"},{\"@type\":\"ListItem\",\"position\":2,\"name\":\"Pol\u00edtica de privacitat\"}]},{\"@type\":\"WebSite\",\"@id\":\"https:\/\/www.invesoil.com\/ca\/#website\",\"url\":\"https:\/\/www.invesoil.com\/ca\/\",\"name\":\"Invesol\",\"description\":\"Consultores Medioambientales\",\"publisher\":{\"@id\":\"https:\/\/www.invesoil.com\/ca\/#organization\"},\"alternateName\":\"Consultores Medioambientales\",\"potentialAction\":[{\"@type\":\"SearchAction\",\"target\":{\"@type\":\"EntryPoint\",\"urlTemplate\":\"https:\/\/www.invesoil.com\/ca\/?s={search_term_string}\"},\"query-input\":{\"@type\":\"PropertyValueSpecification\",\"valueRequired\":true,\"valueName\":\"search_term_string\"}}],\"inLanguage\":\"ca\"},{\"@type\":\"Organization\",\"@id\":\"https:\/\/www.invesoil.com\/ca\/#organization\",\"name\":\"Invesoil\",\"url\":\"https:\/\/www.invesoil.com\/ca\/\",\"logo\":{\"@type\":\"ImageObject\",\"inLanguage\":\"ca\",\"@id\":\"https:\/\/www.invesoil.com\/ca\/#\/schema\/logo\/image\/\",\"url\":\"https:\/\/www.invesoil.com\/wp-content\/uploads\/2023\/06\/logotipo-invesoil.png\",\"contentUrl\":\"https:\/\/www.invesoil.com\/wp-content\/uploads\/2023\/06\/logotipo-invesoil.png\",\"width\":865,\"height\":307,\"caption\":\"Invesoil\"},\"image\":{\"@id\":\"https:\/\/www.invesoil.com\/ca\/#\/schema\/logo\/image\/\"}}]}<\/script>\n<!-- \/ Yoast SEO plugin. -->","yoast_head_json":{"title":"Pol\u00edtica de privacitat - Invesoil","robots":{"index":"index","follow":"follow","max-snippet":"max-snippet:-1","max-image-preview":"max-image-preview:large","max-video-preview":"max-video-preview:-1"},"canonical":"https:\/\/www.invesoil.com\/ca\/politica-de-privacitat\/","og_locale":"ca_ES","og_type":"article","og_title":"Pol\u00edtica de privacitat - Invesoil","og_description":"Pol\u00edtica de privacitat PROTECCI\u00d3 DE DADES En compliment amb la Llei Org\u00e0nica 15\/1999 de 13 de desembre de Protecci\u00f3 de Dades de Car\u00e0cter Personal i el seu Reglament de desenvolupament el Reial Decret 1720\/2007, INVESOIL garanteix la confidencialitat de totes les dades personals facilitades. En compliment amb el que estableix aquesta norma, INVESOIL us informa [&hellip;]","og_url":"https:\/\/www.invesoil.com\/ca\/politica-de-privacitat\/","og_site_name":"Invesoil","article_modified_time":"2024-02-11T22:34:02+00:00","twitter_card":"summary_large_image","twitter_misc":{"Temps estimat de lectura":"5 minuts"},"schema":{"@context":"https:\/\/schema.org","@graph":[{"@type":"WebPage","@id":"https:\/\/www.invesoil.com\/ca\/politica-de-privacitat\/","url":"https:\/\/www.invesoil.com\/ca\/politica-de-privacitat\/","name":"Pol\u00edtica de privacitat - Invesoil","isPartOf":{"@id":"https:\/\/www.invesoil.com\/ca\/#website"},"datePublished":"2023-06-15T10:38:05+00:00","dateModified":"2024-02-11T22:34:02+00:00","breadcrumb":{"@id":"https:\/\/www.invesoil.com\/ca\/politica-de-privacitat\/#breadcrumb"},"inLanguage":"ca","potentialAction":[{"@type":"ReadAction","target":["https:\/\/www.invesoil.com\/ca\/politica-de-privacitat\/"]}]},{"@type":"BreadcrumbList","@id":"https:\/\/www.invesoil.com\/ca\/politica-de-privacitat\/#breadcrumb","itemListElement":[{"@type":"ListItem","position":1,"name":"Portada","item":"https:\/\/www.invesoil.com\/ca\/inici\/"},{"@type":"ListItem","position":2,"name":"Pol\u00edtica de privacitat"}]},{"@type":"WebSite","@id":"https:\/\/www.invesoil.com\/ca\/#website","url":"https:\/\/www.invesoil.com\/ca\/","name":"Invesol","description":"Consultores Medioambientales","publisher":{"@id":"https:\/\/www.invesoil.com\/ca\/#organization"},"alternateName":"Consultores Medioambientales","potentialAction":[{"@type":"SearchAction","target":{"@type":"EntryPoint","urlTemplate":"https:\/\/www.invesoil.com\/ca\/?s={search_term_string}"},"query-input":{"@type":"PropertyValueSpecification","valueRequired":true,"valueName":"search_term_string"}}],"inLanguage":"ca"},{"@type":"Organization","@id":"https:\/\/www.invesoil.com\/ca\/#organization","name":"Invesoil","url":"https:\/\/www.invesoil.com\/ca\/","logo":{"@type":"ImageObject","inLanguage":"ca","@id":"https:\/\/www.invesoil.com\/ca\/#\/schema\/logo\/image\/","url":"https:\/\/www.invesoil.com\/wp-content\/uploads\/2023\/06\/logotipo-invesoil.png","contentUrl":"https:\/\/www.invesoil.com\/wp-content\/uploads\/2023\/06\/logotipo-invesoil.png","width":865,"height":307,"caption":"Invesoil"},"image":{"@id":"https:\/\/www.invesoil.com\/ca\/#\/schema\/logo\/image\/"}}]}},"_links":{"self":[{"href":"https:\/\/www.invesoil.com\/ca\/wp-json\/wp\/v2\/pages\/114","targetHints":{"allow":["GET"]}}],"collection":[{"href":"https:\/\/www.invesoil.com\/ca\/wp-json\/wp\/v2\/pages"}],"about":[{"href":"https:\/\/www.invesoil.com\/ca\/wp-json\/wp\/v2\/types\/page"}],"author":[{"embeddable":true,"href":"https:\/\/www.invesoil.com\/ca\/wp-json\/wp\/v2\/users\/3"}],"replies":[{"embeddable":true,"href":"https:\/\/www.invesoil.com\/ca\/wp-json\/wp\/v2\/comments?post=114"}],"version-history":[{"count":2,"href":"https:\/\/www.invesoil.com\/ca\/wp-json\/wp\/v2\/pages\/114\/revisions"}],"predecessor-version":[{"id":2516,"href":"https:\/\/www.invesoil.com\/ca\/wp-json\/wp\/v2\/pages\/114\/revisions\/2516"}],"wp:attachment":[{"href":"https:\/\/www.invesoil.com\/ca\/wp-json\/wp\/v2\/media?parent=114"}],"curies":[{"name":"wp","href":"https:\/\/api.w.org\/{rel}","templated":true}]}}